{"id":4265,"date":"2023-02-11T21:34:06","date_gmt":"2023-02-12T00:34:06","guid":{"rendered":"https:\/\/www.sintespar.com.br\/portal\/?page_id=4265"},"modified":"2025-05-12T17:22:56","modified_gmt":"2025-05-12T20:22:56","slug":"seja-socio","status":"publish","type":"page","link":"https:\/\/www.sintespar.com.br\/portal\/seja-socio\/","title":{"rendered":"Seja S\u00f3cio"},"content":{"rendered":"\t\t<div data-elementor-type=\"wp-page\" data-elementor-id=\"4265\" class=\"elementor elementor-4265\">\n\t\t\t\t\t\t\t\t\t<section class=\"has-el-gap el-gap-default elementor-section elementor-top-section elementor-element elementor-element-e22b430 elementor-section-boxed elementor-section-height-default elementor-section-height-default\" data-id=\"e22b430\" data-element_type=\"section\">\n\t\t\t\t\t\t<div class=\"elementor-container elementor-column-gap-no\">\n\t\t\t\t\t<div class=\"elementor-column elementor-col-100 elementor-top-column elementor-element elementor-element-f897b3b\" data-id=\"f897b3b\" data-element_type=\"column\">\n\t\t\t<div class=\"elementor-widget-wrap elementor-element-populated\">\n\t\t\t\t\t\t\t\t<div class=\"elementor-element elementor-element-1931188 elementor-widget elementor-widget-image\" data-id=\"1931188\" data-element_type=\"widget\" data-widget_type=\"image.default\">\n\t\t\t\t<div class=\"elementor-widget-container\">\n\t\t\t<style>\/*! elementor - v3.8.1 - 13-11-2022 *\/\n.elementor-widget-image{text-align:center}.elementor-widget-image a{display:inline-block}.elementor-widget-image a img[src$=\".svg\"]{width:48px}.elementor-widget-image img{vertical-align:middle;display:inline-block}<\/style>\t\t\t\t\t\t\t\t\t\t\t\t<img decoding=\"async\" width=\"746\" height=\"340\" src=\"https:\/\/www.sintespar.com.br\/portal\/wp-content\/uploads\/2023\/02\/PIX2.png\" class=\"attachment-large size-large\" alt=\"\" loading=\"lazy\" srcset=\"https:\/\/www.sintespar.com.br\/portal\/wp-content\/uploads\/2023\/02\/PIX2.png 746w, https:\/\/www.sintespar.com.br\/portal\/wp-content\/uploads\/2023\/02\/PIX2-600x273.png 600w, https:\/\/www.sintespar.com.br\/portal\/wp-content\/uploads\/2023\/02\/PIX2-300x137.png 300w, https:\/\/www.sintespar.com.br\/portal\/wp-content\/uploads\/2023\/02\/PIX2-150x68.png 150w, https:\/\/www.sintespar.com.br\/portal\/wp-content\/uploads\/2023\/02\/PIX2-450x205.png 450w\" sizes=\"(max-width: 746px) 100vw, 746px\" \/>\t\t\t\t\t\t\t\t\t\t\t\t\t\t\t<\/div>\n\t\t\t\t<\/div>\n\t\t\t\t<div class=\"elementor-element elementor-element-fc5789c elementor-button-info elementor-widget elementor-widget-button\" data-id=\"fc5789c\" data-element_type=\"widget\" data-widget_type=\"button.default\">\n\t\t\t\t<div class=\"elementor-widget-container\">\n\t\t\t\t\t<div class=\"elementor-button-wrapper\">\n\t\t\t<a href=\"\/fichaassociacao.doc\" target=\"_blank\" rel=\"nofollow\" class=\"elementor-button-link elementor-button elementor-size-md elementor-animation-wobble-to-bottom-right\" role=\"button\">\n\t\t\t\t\t\t<span class=\"elementor-button-content-wrapper\">\n\t\t\t\t\t\t<span class=\"elementor-button-text\">Clique aqui para baixar a Ficha  - (vers\u00e3o 2024) <\/span>\n\t\t<\/span>\n\t\t\t\t\t<\/a>\n\t\t<\/div>\n\t\t\t\t<\/div>\n\t\t\t\t<\/div>\n\t\t\t\t<div class=\"elementor-element elementor-element-6268598 elementor-widget elementor-widget-text-editor\" data-id=\"6268598\" data-element_type=\"widget\" data-widget_type=\"text-editor.default\">\n\t\t\t\t<div class=\"elementor-widget-container\">\n\t\t\t<style>\/*! elementor - v3.8.1 - 13-11-2022 *\/\n.elementor-widget-text-editor.elementor-drop-cap-view-stacked .elementor-drop-cap{background-color:#818a91;color:#fff}.elementor-widget-text-editor.elementor-drop-cap-view-framed .elementor-drop-cap{color:#818a91;border:3px solid;background-color:transparent}.elementor-widget-text-editor:not(.elementor-drop-cap-view-default) .elementor-drop-cap{margin-top:8px}.elementor-widget-text-editor:not(.elementor-drop-cap-view-default) .elementor-drop-cap-letter{width:1em;height:1em}.elementor-widget-text-editor .elementor-drop-cap{float:left;text-align:center;line-height:1;font-size:50px}.elementor-widget-text-editor .elementor-drop-cap-letter{display:inline-block}<\/style>\t\t\t\t<ol><li>Baixe e ficha de associado no \u00edcone acima.<\/li><li>Preencher e assinar<\/li><li>Enviar para o e-mail do sintespar em <strong>sintespar@yahoo.com.br\u00a0<\/strong><\/li><\/ol>\t\t\t\t\t\t<\/div>\n\t\t\t\t<\/div>\n\t\t\t\t<div class=\"elementor-element elementor-element-db05829 elementor-widget-divider--separator-type-pattern elementor-widget-divider--no-spacing elementor-widget-divider--view-line elementor-widget elementor-widget-divider\" data-id=\"db05829\" data-element_type=\"widget\" data-widget_type=\"divider.default\">\n\t\t\t\t<div class=\"elementor-widget-container\">\n\t\t\t<style>\/*! elementor - v3.8.1 - 13-11-2022 *\/\n.elementor-widget-divider{--divider-border-style:none;--divider-border-width:1px;--divider-color:#2c2c2c;--divider-icon-size:20px;--divider-element-spacing:10px;--divider-pattern-height:24px;--divider-pattern-size:20px;--divider-pattern-url:none;--divider-pattern-repeat:repeat-x}.elementor-widget-divider .elementor-divider{display:-webkit-box;display:-ms-flexbox;display:flex}.elementor-widget-divider .elementor-divider__text{font-size:15px;line-height:1;max-width:95%}.elementor-widget-divider .elementor-divider__element{margin:0 var(--divider-element-spacing);-ms-flex-negative:0;flex-shrink:0}.elementor-widget-divider .elementor-icon{font-size:var(--divider-icon-size)}.elementor-widget-divider .elementor-divider-separator{display:-webkit-box;display:-ms-flexbox;display:flex;margin:0;direction:ltr}.elementor-widget-divider--view-line_icon .elementor-divider-separator,.elementor-widget-divider--view-line_text .elementor-divider-separator{-webkit-box-align:center;-ms-flex-align:center;align-items:center}.elementor-widget-divider--view-line_icon .elementor-divider-separator:after,.elementor-widget-divider--view-line_icon .elementor-divider-separator:before,.elementor-widget-divider--view-line_text .elementor-divider-separator:after,.elementor-widget-divider--view-line_text .elementor-divider-separator:before{display:block;content:\"\";border-bottom:0;-webkit-box-flex:1;-ms-flex-positive:1;flex-grow:1;border-top:var(--divider-border-width) var(--divider-border-style) var(--divider-color)}.elementor-widget-divider--element-align-left .elementor-divider .elementor-divider-separator>.elementor-divider__svg:first-of-type{-webkit-box-flex:0;-ms-flex-positive:0;flex-grow:0;-ms-flex-negative:100;flex-shrink:100}.elementor-widget-divider--element-align-left .elementor-divider-separator:before{content:none}.elementor-widget-divider--element-align-left .elementor-divider__element{margin-left:0}.elementor-widget-divider--element-align-right .elementor-divider .elementor-divider-separator>.elementor-divider__svg:last-of-type{-webkit-box-flex:0;-ms-flex-positive:0;flex-grow:0;-ms-flex-negative:100;flex-shrink:100}.elementor-widget-divider--element-align-right .elementor-divider-separator:after{content:none}.elementor-widget-divider--element-align-right .elementor-divider__element{margin-right:0}.elementor-widget-divider:not(.elementor-widget-divider--view-line_text):not(.elementor-widget-divider--view-line_icon) .elementor-divider-separator{border-top:var(--divider-border-width) var(--divider-border-style) var(--divider-color)}.elementor-widget-divider--separator-type-pattern{--divider-border-style:none}.elementor-widget-divider--separator-type-pattern.elementor-widget-divider--view-line .elementor-divider-separator,.elementor-widget-divider--separator-type-pattern:not(.elementor-widget-divider--view-line) .elementor-divider-separator:after,.elementor-widget-divider--separator-type-pattern:not(.elementor-widget-divider--view-line) .elementor-divider-separator:before,.elementor-widget-divider--separator-type-pattern:not([class*=elementor-widget-divider--view]) .elementor-divider-separator{width:100%;min-height:var(--divider-pattern-height);-webkit-mask-size:var(--divider-pattern-size) 100%;mask-size:var(--divider-pattern-size) 100%;-webkit-mask-repeat:var(--divider-pattern-repeat);mask-repeat:var(--divider-pattern-repeat);background-color:var(--divider-color);-webkit-mask-image:var(--divider-pattern-url);mask-image:var(--divider-pattern-url)}.elementor-widget-divider--no-spacing{--divider-pattern-size:auto}.elementor-widget-divider--bg-round{--divider-pattern-repeat:round}.rtl .elementor-widget-divider .elementor-divider__text{direction:rtl}.e-con-inner>.elementor-widget-divider,.e-con>.elementor-widget-divider{width:var(--container-widget-width,100%)}<\/style>\t\t<div class=\"elementor-divider\" style=\"--divider-pattern-url: url(&quot;data:image\/svg+xml,%3Csvg xmlns=&#039;http:\/\/www.w3.org\/2000\/svg&#039; preserveAspectRatio=&#039;none&#039; overflow=&#039;visible&#039; height=&#039;100%&#039; viewBox=&#039;0 0 24 24&#039; fill=&#039;black&#039; stroke=&#039;none&#039;%3E%3Cpath d=&#039;M24,8v12H0V8H24z M24,4v1H0V4H24z&#039;\/%3E%3C\/svg%3E&quot;);\">\n\t\t\t<span class=\"elementor-divider-separator\">\n\t\t\t\t\t\t<\/span>\n\t\t<\/div>\n\t\t\t\t<\/div>\n\t\t\t\t<\/div>\n\t\t\t\t<div class=\"elementor-element elementor-element-cd24aa3 elementor-widget elementor-widget-image\" data-id=\"cd24aa3\" data-element_type=\"widget\" data-widget_type=\"image.default\">\n\t\t\t\t<div class=\"elementor-widget-container\">\n\t\t\t\t\t\t\t\t\t\t\t\t\t\t\t<img decoding=\"async\" width=\"788\" height=\"788\" src=\"https:\/\/www.sintespar.com.br\/portal\/wp-content\/uploads\/2024\/09\/Yellow-and-White-Bold-and-Bright-Construction-Company-Instagram-Post-1024x1024.png\" class=\"attachment-large size-large\" alt=\"\" loading=\"lazy\" srcset=\"https:\/\/www.sintespar.com.br\/portal\/wp-content\/uploads\/2024\/09\/Yellow-and-White-Bold-and-Bright-Construction-Company-Instagram-Post-1024x1024.png 1024w, https:\/\/www.sintespar.com.br\/portal\/wp-content\/uploads\/2024\/09\/Yellow-and-White-Bold-and-Bright-Construction-Company-Instagram-Post-300x300.png 300w, https:\/\/www.sintespar.com.br\/portal\/wp-content\/uploads\/2024\/09\/Yellow-and-White-Bold-and-Bright-Construction-Company-Instagram-Post-150x150.png 150w, https:\/\/www.sintespar.com.br\/portal\/wp-content\/uploads\/2024\/09\/Yellow-and-White-Bold-and-Bright-Construction-Company-Instagram-Post-768x768.png 768w, https:\/\/www.sintespar.com.br\/portal\/wp-content\/uploads\/2024\/09\/Yellow-and-White-Bold-and-Bright-Construction-Company-Instagram-Post-450x450.png 450w, https:\/\/www.sintespar.com.br\/portal\/wp-content\/uploads\/2024\/09\/Yellow-and-White-Bold-and-Bright-Construction-Company-Instagram-Post-600x600.png 600w, https:\/\/www.sintespar.com.br\/portal\/wp-content\/uploads\/2024\/09\/Yellow-and-White-Bold-and-Bright-Construction-Company-Instagram-Post-336x336.png 336w, https:\/\/www.sintespar.com.br\/portal\/wp-content\/uploads\/2024\/09\/Yellow-and-White-Bold-and-Bright-Construction-Company-Instagram-Post.png 1080w\" sizes=\"(max-width: 788px) 100vw, 788px\" \/>\t\t\t\t\t\t\t\t\t\t\t\t\t\t\t<\/div>\n\t\t\t\t<\/div>\n\t\t\t\t<div class=\"elementor-element elementor-element-212ccd9 elementor-drop-cap-yes elementor-drop-cap-view-default elementor-widget elementor-widget-text-editor\" data-id=\"212ccd9\" data-element_type=\"widget\" data-settings=\"{&quot;drop_cap&quot;:&quot;yes&quot;}\" data-widget_type=\"text-editor.default\">\n\t\t\t\t<div class=\"elementor-widget-container\">\n\t\t\t\t\t\t\t<p class=\"\" data-start=\"75\" data-end=\"326\">Para aqueles que necessitam de uma categoria mais forte no Paran\u00e1, <strong data-start=\"142\" data-end=\"160\">a hora \u00e9 agora<\/strong>. Precisamos nos unir e agir com atitude. H\u00e1 quase cinco anos, tivemos que desativar nossa sede em Curitiba, mas continuamos trabalhando em defesa da nossa categoria.<\/p><p class=\"\" data-start=\"328\" data-end=\"580\">Todos que nos acompanham conhecem nosso legado na luta pelos nossos direitos, <strong data-start=\"406\" data-end=\"429\">pelos SEUS direitos<\/strong>, caros TSTs. Precisamos ser protagonistas de nossa profiss\u00e3o e n\u00e3o esperar que algu\u00e9m fa\u00e7a isso por n\u00f3s. Nossos colegas do Paran\u00e1 podem dar o exemplo.<\/p><p>Ajude a mudar a sua e a nossa realidade!<\/p><p>A contribui\u00e7\u00e3o mensal \u00e9 um valor irris\u00f3rio de <strong>R$ 28,92<\/strong>.<\/p><p>Dados Banc\u00e1rios:<br \/>Caixa Econ\u00f4mica \u2013 Ag\u00eancia 377 \u2013 Conta Corrente 349-8 \u2013 Opera\u00e7\u00e3o 003<\/p><p>PIX: 76.085.893\/0001-87 (use o CNPJ como chave).<\/p><p>O valor \u00e9 simb\u00f3lico, apenas 1% do piso salarial de <strong>R$ 2.892,32<\/strong> em 2025.<\/p><p>For\u00e7a pol\u00edtica e de press\u00e3o social se constr\u00f3i com financiamento e engajamento de todos n\u00f3s!<\/p><p><strong>#TODOSPELOSINTESPAR<\/strong><\/p><p><strong>#COMPARTILHE<\/strong><\/p>\t\t\t\t\t\t<\/div>\n\t\t\t\t<\/div>\n\t\t\t\t\t<\/div>\n\t\t<\/div>\n\t\t\t\t\t\t\t<\/div>\n\t\t<\/section>\n\t\t\t\t\t\t\t<\/div>\n\t\t","protected":false},"excerpt":{"rendered":"<p>Clique aqui para baixar a Ficha &#8211; (vers\u00e3o 2024) Baixe e ficha de associado no \u00edcone acima. Preencher e assinar Enviar para o e-mail do sintespar em sintespar@yahoo.com.br\u00a0 Para aqueles que necessitam de uma categoria mais forte no Paran\u00e1, a hora \u00e9 agora. Precisamos nos unir e agir com atitude. H\u00e1 quase cinco anos, tivemos<\/p>\n","protected":false},"author":1,"featured_media":4501,"parent":0,"menu_order":0,"comment_status":"closed","ping_status":"closed","template":"page-templates\/authors.php","meta":{"_joinchat":[]},"_links":{"self":[{"href":"https:\/\/www.sintespar.com.br\/portal\/wp-json\/wp\/v2\/pages\/4265"}],"collection":[{"href":"https:\/\/www.sintespar.com.br\/portal\/wp-json\/wp\/v2\/pages"}],"about":[{"href":"https:\/\/www.sintespar.com.br\/portal\/wp-json\/wp\/v2\/types\/page"}],"author":[{"embeddable":true,"href":"https:\/\/www.sintespar.com.br\/portal\/wp-json\/wp\/v2\/users\/1"}],"replies":[{"embeddable":true,"href":"https:\/\/www.sintespar.com.br\/portal\/wp-json\/wp\/v2\/comments?post=4265"}],"version-history":[{"count":162,"href":"https:\/\/www.sintespar.com.br\/portal\/wp-json\/wp\/v2\/pages\/4265\/revisions"}],"predecessor-version":[{"id":8556,"href":"https:\/\/www.sintespar.com.br\/portal\/wp-json\/wp\/v2\/pages\/4265\/revisions\/8556"}],"wp:featuredmedia":[{"embeddable":true,"href":"https:\/\/www.sintespar.com.br\/portal\/wp-json\/wp\/v2\/media\/4501"}],"wp:attachment":[{"href":"https:\/\/www.sintespar.com.br\/portal\/wp-json\/wp\/v2\/media?parent=4265"}],"curies":[{"name":"wp","href":"https:\/\/api.w.org\/{rel}","templated":true}]}}