{"id":4411,"date":"2023-02-11T23:02:20","date_gmt":"2023-02-12T02:02:20","guid":{"rendered":"https:\/\/www.sintespar.com.br\/portal\/?page_id=4411"},"modified":"2023-02-12T15:52:20","modified_gmt":"2023-02-12T18:52:20","slug":"diretoria","status":"publish","type":"page","link":"https:\/\/www.sintespar.com.br\/portal\/diretoria\/","title":{"rendered":"Diretoria"},"content":{"rendered":"\t\t<div data-elementor-type=\"wp-page\" data-elementor-id=\"4411\" class=\"elementor elementor-4411\">\n\t\t\t\t\t\t\t\t\t<section class=\"has-el-gap el-gap-default elementor-section elementor-top-section elementor-element elementor-element-00f7669 elementor-section-boxed elementor-section-height-default elementor-section-height-default\" data-id=\"00f7669\" data-element_type=\"section\">\n\t\t\t\t\t\t<div class=\"elementor-container elementor-column-gap-no\">\n\t\t\t\t\t<div class=\"elementor-column elementor-col-100 elementor-top-column elementor-element elementor-element-c8067f1\" data-id=\"c8067f1\" data-element_type=\"column\">\n\t\t\t<div class=\"elementor-widget-wrap elementor-element-populated\">\n\t\t\t\t\t\t\t\t<div class=\"elementor-element elementor-element-b491b08 elementor-widget elementor-widget-text-editor\" data-id=\"b491b08\" data-element_type=\"widget\" data-widget_type=\"text-editor.default\">\n\t\t\t\t<div class=\"elementor-widget-container\">\n\t\t\t<style>\/*! elementor - v3.8.1 - 13-11-2022 *\/\n.elementor-widget-text-editor.elementor-drop-cap-view-stacked .elementor-drop-cap{background-color:#818a91;color:#fff}.elementor-widget-text-editor.elementor-drop-cap-view-framed .elementor-drop-cap{color:#818a91;border:3px solid;background-color:transparent}.elementor-widget-text-editor:not(.elementor-drop-cap-view-default) .elementor-drop-cap{margin-top:8px}.elementor-widget-text-editor:not(.elementor-drop-cap-view-default) .elementor-drop-cap-letter{width:1em;height:1em}.elementor-widget-text-editor .elementor-drop-cap{float:left;text-align:center;line-height:1;font-size:50px}.elementor-widget-text-editor .elementor-drop-cap-letter{display:inline-block}<\/style>\t\t\t\t<p><span style=\"color: #008000;\"><strong><span style=\"font-size: 14px;\">Presidente \u2013 Adir de Souza.<\/span><\/strong><\/span><br \/><span style=\"font-size: 14px;\">Vice Presidente \u2013 Elias Marcos Cordeiro.<\/span><br \/><span style=\"font-size: 14px;\">Secret\u00e1rio de Finan\u00e7as \u2013 Wellington Simas.<\/span><br \/><span style=\"font-size: 14px;\">Secret\u00e1rio Geral \u2013 Elizeu Oliveira Freitas.<\/span><br \/><span style=\"font-size: 14px;\">Secret\u00e1rio de Desenvolvimento e Educa\u00e7\u00e3o \u2013 Jo\u00e3o Saran Carraro .<\/span><br \/><span style=\"font-size: 14px;\">Secretario de Rela\u00e7\u00f5es Sindicais \u2013 Jo\u00e3o Carlos Fassina.<\/span><br \/><span style=\"font-size: 14px;\">Secretario de Assuntos Jur\u00eddicos e Institucionais \u2013 Paulo Wojcik.<\/span><\/p><p><b>SUPLENTES DA DIRETORIA<\/b><br \/>Ney Cesar K\u00f3s, Sergio Santana Pequeno, Marcio Jos\u00e9 da Silva.<\/p><p><b>CONSELHO FISCAL<\/b><br \/>Roberty Yuri Pfaffenzeller.<\/p><p><b>SUPLENTES DO CONSELHO FISCAL<\/b><br \/>Linelson de Brito Rodrigues, IdelChaves Machado de Araujo.<\/p><p><b>SECRETARIAS REGIONAIS<\/b><\/p><p><b>SECRETARIA REGIONAL DE LONDRINA<br \/><\/b>Edson Felicidade, Guilherme Sanchez.<\/p><p><b>SECRETARIA REGIONAL DE MARINGA<\/b><br \/>Patricia Dias Massanares, Zuleica Oliveira Ferraz Rosa.<\/p><p><b>SECRETARIA REGIONAL DE PATO BRANCO<br \/><\/b>Antonio Vilson de Deus, Edelson Luis Sachaffer.<\/p><p><b>SECRETARIA REGIONAL DE CASCAVEL<br \/><\/b>Amadeus Soares Silverio.<\/p>\t\t\t\t\t\t<\/div>\n\t\t\t\t<\/div>\n\t\t\t\t\t<\/div>\n\t\t<\/div>\n\t\t\t\t\t\t\t<\/div>\n\t\t<\/section>\n\t\t\t\t\t\t\t<\/div>\n\t\t","protected":false},"excerpt":{"rendered":"<p>Presidente \u2013 Adir de Souza.Vice Presidente \u2013 Elias Marcos Cordeiro.Secret\u00e1rio de Finan\u00e7as \u2013 Wellington Simas.Secret\u00e1rio Geral \u2013 Elizeu Oliveira Freitas.Secret\u00e1rio de Desenvolvimento e Educa\u00e7\u00e3o \u2013 Jo\u00e3o Saran Carraro .Secretario de Rela\u00e7\u00f5es Sindicais \u2013 Jo\u00e3o Carlos Fassina.Secretario de Assuntos Jur\u00eddicos e Institucionais \u2013 Paulo Wojcik. SUPLENTES DA DIRETORIANey Cesar K\u00f3s, Sergio Santana Pequeno, Marcio Jos\u00e9 da<\/p>\n","protected":false},"author":2,"featured_media":4426,"parent":0,"menu_order":0,"comment_status":"closed","ping_status":"closed","template":"page-templates\/blocks.php","meta":{"_joinchat":[]},"_links":{"self":[{"href":"https:\/\/www.sintespar.com.br\/portal\/wp-json\/wp\/v2\/pages\/4411"}],"collection":[{"href":"https:\/\/www.sintespar.com.br\/portal\/wp-json\/wp\/v2\/pages"}],"about":[{"href":"https:\/\/www.sintespar.com.br\/portal\/wp-json\/wp\/v2\/types\/page"}],"author":[{"embeddable":true,"href":"https:\/\/www.sintespar.com.br\/portal\/wp-json\/wp\/v2\/users\/2"}],"replies":[{"embeddable":true,"href":"https:\/\/www.sintespar.com.br\/portal\/wp-json\/wp\/v2\/comments?post=4411"}],"version-history":[{"count":15,"href":"https:\/\/www.sintespar.com.br\/portal\/wp-json\/wp\/v2\/pages\/4411\/revisions"}],"predecessor-version":[{"id":4592,"href":"https:\/\/www.sintespar.com.br\/portal\/wp-json\/wp\/v2\/pages\/4411\/revisions\/4592"}],"wp:featuredmedia":[{"embeddable":true,"href":"https:\/\/www.sintespar.com.br\/portal\/wp-json\/wp\/v2\/media\/4426"}],"wp:attachment":[{"href":"https:\/\/www.sintespar.com.br\/portal\/wp-json\/wp\/v2\/media?parent=4411"}],"curies":[{"name":"wp","href":"https:\/\/api.w.org\/{rel}","templated":true}]}}