{"id":5391,"date":"2023-02-16T20:10:49","date_gmt":"2023-02-16T23:10:49","guid":{"rendered":"https:\/\/www.sintespar.com.br\/portal\/?page_id=5391"},"modified":"2023-02-16T21:59:51","modified_gmt":"2023-02-17T00:59:51","slug":"parana","status":"publish","type":"page","link":"https:\/\/www.sintespar.com.br\/portal\/parana\/","title":{"rendered":"Paran\u00e1"},"content":{"rendered":"\t\t<div data-elementor-type=\"wp-page\" data-elementor-id=\"5391\" class=\"elementor elementor-5391\">\n\t\t\t\t\t\t\t\t\t<section class=\"has-el-gap el-gap-default elementor-section elementor-top-section elementor-element elementor-element-ab6e2c3 elementor-section-boxed elementor-section-height-default elementor-section-height-default\" data-id=\"ab6e2c3\" data-element_type=\"section\">\n\t\t\t\t\t\t<div class=\"elementor-container elementor-column-gap-no\">\n\t\t\t\t\t<div class=\"elementor-column elementor-col-100 elementor-top-column elementor-element elementor-element-bddad08\" data-id=\"bddad08\" data-element_type=\"column\">\n\t\t\t<div class=\"elementor-widget-wrap elementor-element-populated\">\n\t\t\t\t\t\t\t\t<div class=\"elementor-element elementor-element-efd36e9 elementor-widget elementor-widget-text-editor\" data-id=\"efd36e9\" data-element_type=\"widget\" data-widget_type=\"text-editor.default\">\n\t\t\t\t<div class=\"elementor-widget-container\">\n\t\t\t<style>\/*! elementor - v3.8.1 - 13-11-2022 *\/\n.elementor-widget-text-editor.elementor-drop-cap-view-stacked .elementor-drop-cap{background-color:#818a91;color:#fff}.elementor-widget-text-editor.elementor-drop-cap-view-framed .elementor-drop-cap{color:#818a91;border:3px solid;background-color:transparent}.elementor-widget-text-editor:not(.elementor-drop-cap-view-default) .elementor-drop-cap{margin-top:8px}.elementor-widget-text-editor:not(.elementor-drop-cap-view-default) .elementor-drop-cap-letter{width:1em;height:1em}.elementor-widget-text-editor .elementor-drop-cap{float:left;text-align:center;line-height:1;font-size:50px}.elementor-widget-text-editor .elementor-drop-cap-letter{display:inline-block}<\/style>\t\t\t\t<div class=\"wDYxhc\" lang=\"pt-BR\" data-md=\"50\" data-hveid=\"CF0QAA\" data-ved=\"2ahUKEwieifywpZv9AhWjH7kGHXTxAC0QkCl6BAhdEAA\"><div class=\"PZPZlf hb8SAc\" data-attrid=\"description\" data-hveid=\"CF0QAQ\" data-ved=\"2ahUKEwieifywpZv9AhWjH7kGHXTxAC0QziAoAHoECF0QAQ\"><div><figure id=\"attachment_5392\" aria-describedby=\"caption-attachment-5392\" style=\"width: 185px\" class=\"wp-caption alignleft\"><a href=\"https:\/\/pt.wikipedia.org\/wiki\/Paran%C3%A1\" target=\"_blank\" rel=\"noopener\"><img decoding=\"async\" loading=\"lazy\" class=\"wp-image-5392\" src=\"https:\/\/www.sintespar.com.br\/portal\/wp-content\/uploads\/2023\/02\/bandeira-parana-logo-53D2C6BD67-seeklogo.com_.png\" alt=\"\" width=\"185\" height=\"130\" srcset=\"https:\/\/www.sintespar.com.br\/portal\/wp-content\/uploads\/2023\/02\/bandeira-parana-logo-53D2C6BD67-seeklogo.com_.png 300w, https:\/\/www.sintespar.com.br\/portal\/wp-content\/uploads\/2023\/02\/bandeira-parana-logo-53D2C6BD67-seeklogo.com_-150x105.png 150w\" sizes=\"(max-width: 185px) 100vw, 185px\" \/><\/a><figcaption id=\"caption-attachment-5392\" class=\"wp-caption-text\">Bandeira do Paran\u00e1<\/figcaption><\/figure><figure id=\"attachment_5471\" aria-describedby=\"caption-attachment-5471\" style=\"width: 110px\" class=\"wp-caption alignnone\"><a href=\"https:\/\/pt.wikipedia.org\/wiki\/Bras%C3%A3o_do_Paran%C3%A1\" target=\"_blank\" rel=\"noopener\"><img decoding=\"async\" loading=\"lazy\" class=\"wp-image-5471\" src=\"https:\/\/www.sintespar.com.br\/portal\/wp-content\/uploads\/2023\/02\/Brasao_do_Parana.svg-249x300.png\" alt=\"\" width=\"110\" height=\"133\" srcset=\"https:\/\/www.sintespar.com.br\/portal\/wp-content\/uploads\/2023\/02\/Brasao_do_Parana.svg-249x300.png 249w, https:\/\/www.sintespar.com.br\/portal\/wp-content\/uploads\/2023\/02\/Brasao_do_Parana.svg-849x1024.png 849w, https:\/\/www.sintespar.com.br\/portal\/wp-content\/uploads\/2023\/02\/Brasao_do_Parana.svg-768x926.png 768w, https:\/\/www.sintespar.com.br\/portal\/wp-content\/uploads\/2023\/02\/Brasao_do_Parana.svg-150x181.png 150w, https:\/\/www.sintespar.com.br\/portal\/wp-content\/uploads\/2023\/02\/Brasao_do_Parana.svg-450x543.png 450w, https:\/\/www.sintespar.com.br\/portal\/wp-content\/uploads\/2023\/02\/Brasao_do_Parana.svg-600x724.png 600w, https:\/\/www.sintespar.com.br\/portal\/wp-content\/uploads\/2023\/02\/Brasao_do_Parana.svg.png 1200w\" sizes=\"(max-width: 110px) 100vw, 110px\" \/><\/a><figcaption id=\"caption-attachment-5471\" class=\"wp-caption-text\">Bras\u00e3o do Paran\u00e1<\/figcaption><\/figure><\/div><div class=\"kno-rdesc\"><strong>Paran\u00e1<\/strong> \u00e9 um estado no sul do Brasil que alberga as Cataratas do Igua\u00e7u, com centenas de cascatas que se estendem ao longo da fronteira com a Argentina. Em torno das cataratas encontra-se o Parque Nacional do Igua\u00e7u, uma floresta subtropical com diversas esp\u00e9cies selvagens, enquanto no norte se encontra a enorme barragem de Itaipu. Centenas de quil\u00f3metros a este, perto das praias atl\u00e2nticas de Guaratuba e do grande porto de Paranagu\u00e1, fica a frondosa capital do estado, Curitiba.<\/div><\/div><\/div><div class=\"wDYxhc\" lang=\"pt-BR\" data-attrid=\"kc:\/location\/location:area\" data-md=\"1001\" data-hveid=\"CGMQAA\" data-ved=\"2ahUKEwieifywpZv9AhWjH7kGHXTxAC0QkCl6BAhjEAA\"><div class=\"Z1hOCe\"><div class=\"zloOqf PZPZlf\" data-ved=\"2ahUKEwieifywpZv9AhWjH7kGHXTxAC0QyxMoAHoECGMQAQ\"><div class=\"rVusze\"><span class=\"w8qArf\"><a class=\"fl\" href=\"https:\/\/www.google.com\/search?sxsrf=AJOqlzXRBdv-NGVpJFfWyy_-lug9v5p8dA:1676593468482&amp;q=paran%C3%A1+%C3%A1rea&amp;stick=H4sIAAAAAAAAAOPgE-LUz9U3MMxIMU7TkspOttLPyU9OLMnMz4MzrBKLUhMXsfIWJBYl5h1eqHB4IZAPAOZB6BI5AAAA&amp;sa=X&amp;ved=2ahUKEwieifywpZv9AhWjH7kGHXTxAC0Q6BMoAHoECGMQAg\" target=\"_blank\" rel=\"noopener\" data-ved=\"2ahUKEwieifywpZv9AhWjH7kGHXTxAC0Q6BMoAHoECGMQAg\">\u00c1rea<\/a><span class=\"eTVOZd\">:<\/span>\u00a0<\/span><span class=\"LrzXr kno-fv wHYlTd z8gr9e\">199.315\u00a0km\u00b2<\/span><\/div><\/div><\/div><\/div><div class=\"wDYxhc\" lang=\"pt-BR\" data-attrid=\"kc:\/location\/administrative_division:capital\" data-md=\"1001\" data-hveid=\"CGQQAA\" data-ved=\"2ahUKEwieifywpZv9AhWjH7kGHXTxAC0QkCl6BAhkEAA\"><div class=\"Z1hOCe\"><div class=\"zloOqf PZPZlf\" data-ved=\"2ahUKEwieifywpZv9AhWjH7kGHXTxAC0QyxMoAHoECGQQAQ\"><div class=\"rVusze\"><span class=\"w8qArf\"><a class=\"fl\" href=\"https:\/\/www.google.com\/search?sxsrf=AJOqlzXRBdv-NGVpJFfWyy_-lug9v5p8dA:1676593468482&amp;q=paran%C3%A1+capital&amp;stick=H4sIAAAAAAAAAOPgE-LUz9U3MMxIMU7T0slOttLPyU9OLMnMz9NPTMnNzMssLikCcstS41MyyzKLgeJWyYkFmSWJOYtY-QsSixLzDi9UgIoAAHAkfEJNAAAA&amp;sa=X&amp;ved=2ahUKEwieifywpZv9AhWjH7kGHXTxAC0Q6BMoAHoECGQQAg\" target=\"_blank\" rel=\"noopener\" data-ved=\"2ahUKEwieifywpZv9AhWjH7kGHXTxAC0Q6BMoAHoECGQQAg\">Capital<\/a><span class=\"eTVOZd\">:<\/span>\u00a0<\/span><span class=\"LrzXr kno-fv wHYlTd z8gr9e\"><a class=\"fl\" href=\"https:\/\/www.google.com\/search?sxsrf=AJOqlzXRBdv-NGVpJFfWyy_-lug9v5p8dA:1676593468482&amp;q=Curitiba&amp;si=AEcPFx5y3cpWB8t3QIlw940Bbgd-HLN-aNYSTraERzz0WyAsdAb0E38iqRxuGXaJWnCJL8BeBaBAvINmegAH2jVyTFlB3EuQzMYXwEri7jnSzhL-mBr1MfcvlOSM9BTa5XStCXpJF_EPTEEzh7kWP5uQ6Wjz65GpZG0JCXUbu9f9ETQaWDOX2drGKKkJLFXO5zKprh5MqlHr&amp;sa=X&amp;ved=2ahUKEwieifywpZv9AhWjH7kGHXTxAC0QmxMoAXoECGQQAw\" target=\"_blank\" rel=\"noopener\" data-ved=\"2ahUKEwieifywpZv9AhWjH7kGHXTxAC0QmxMoAXoECGQQAw\">Curitiba<\/a><\/span><\/div><\/div><\/div><\/div><div class=\"wDYxhc\" lang=\"pt-BR\" data-attrid=\"kc:\/government\/governmental_jurisdiction:governor\" data-md=\"1001\" data-hveid=\"CGIQAA\" data-ved=\"2ahUKEwieifywpZv9AhWjH7kGHXTxAC0QkCl6BAhiEAA\"><div class=\"Z1hOCe\"><div class=\"zloOqf PZPZlf\" data-ved=\"2ahUKEwieifywpZv9AhWjH7kGHXTxAC0QyxMoAHoECGIQAQ\"><div class=\"rVusze\"><span class=\"w8qArf\"><a class=\"fl\" href=\"https:\/\/www.google.com\/search?sxsrf=AJOqlzXRBdv-NGVpJFfWyy_-lug9v5p8dA:1676593468482&amp;q=paran%C3%A1+governador&amp;stick=H4sIAAAAAAAAAOPgE-LUz9U3MMxIMU7TMsxOttJPzy9LLcrLTc0rQWIm5sRnlRZlFqdkJpdk5udZQWTyixaxChUkFiXmHV6oABFKTMkvAgC5fnPuVQAAAA&amp;sa=X&amp;ved=2ahUKEwieifywpZv9AhWjH7kGHXTxAC0Q6BMoAHoECGIQAg\" target=\"_blank\" rel=\"noopener\" data-ved=\"2ahUKEwieifywpZv9AhWjH7kGHXTxAC0Q6BMoAHoECGIQAg\">Governador<\/a><span class=\"eTVOZd\">:<\/span>\u00a0<\/span><span class=\"LrzXr kno-fv wHYlTd z8gr9e\"><a class=\"fl\" href=\"https:\/\/www.google.com\/search?sxsrf=AJOqlzXRBdv-NGVpJFfWyy_-lug9v5p8dA:1676593468482&amp;q=Ratinho+J%C3%BAnior&amp;si=AEcPFx7HnMxbNS2egwqbd2fGseeWkZi3ZCVlQ3vY-NLoLE7SWZ1T_ctKc80cxazkYu_4H4rrpGvADTwOfaGPP7lXyaZeYp2RVvzARduvtHEYzQUr6EG6PAh1tdgwG1a9ckaDKXkiO8TKL2Vpi7hHGau1s5rn5Sxg9EwPYmdvwPtBVzKH9TE5AoHg_qj2J8SREbMbjREAHoADTf1T0noBfv-yHBIztY7pBg%3D%3D&amp;sa=X&amp;ved=2ahUKEwieifywpZv9AhWjH7kGHXTxAC0QmxMoAXoECGIQAw\" target=\"_blank\" rel=\"noopener\" data-ved=\"2ahUKEwieifywpZv9AhWjH7kGHXTxAC0QmxMoAXoECGIQAw\">Ratinho J\u00fanior<\/a><\/span><\/div><\/div><\/div><\/div><div class=\"wDYxhc\" lang=\"pt-BR\" data-attrid=\"dc:\/legacy_card:location_statistical_region_population\" data-md=\"1001\" data-hveid=\"CGEQAA\" data-ved=\"2ahUKEwieifywpZv9AhWjH7kGHXTxAC0QkCl6BAhhEAA\"><div class=\"Z1hOCe\"><div class=\"zloOqf PZPZlf\" data-ved=\"2ahUKEwieifywpZv9AhWjH7kGHXTxAC0QyxMoAHoECGEQAQ\"><div class=\"rVusze\"><span class=\"w8qArf\"><a class=\"fl\" href=\"https:\/\/www.google.com\/search?sxsrf=AJOqlzXRBdv-NGVpJFfWyy_-lug9v5p8dA:1676593468482&amp;q=paran%C3%A1+popula%C3%A7%C3%A3o&amp;stick=H4sIAAAAAAAAAOPgE-LUz9U3MMxIMU7TMktJttLPSU1PTK6MT04sSrHKyU9OLMnMz4svLgHSxSWZyYk58UWp6SChgvyC0hyw7CJW4YLEosS8wwsVIIKHlx9enA8Aia5EOlsAAAA&amp;sa=X&amp;ved=2ahUKEwieifywpZv9AhWjH7kGHXTxAC0Q6BMoAHoECGEQAg\" target=\"_blank\" rel=\"noopener\" data-ved=\"2ahUKEwieifywpZv9AhWjH7kGHXTxAC0Q6BMoAHoECGEQAg\">Popula\u00e7\u00e3o<\/a><span class=\"eTVOZd\">:<\/span>\u00a0<\/span><span class=\"LrzXr kno-fv wHYlTd z8gr9e\">11,08\u00a0milh\u00f5es (1 de jul. de 2014)<\/span><\/div><\/div><\/div><\/div><div class=\"wDYxhc\" lang=\"pt-BR\" data-attrid=\"kc:\/location\/administrative_division:attractions\" data-md=\"1001\" data-hveid=\"CFwQAA\" data-ved=\"2ahUKEwieifywpZv9AhWjH7kGHXTxAC0QkCl6BAhcEAA\"><div class=\"Z1hOCe\"><div class=\"zloOqf PZPZlf\" data-ved=\"2ahUKEwieifywpZv9AhWjH7kGHXTxAC0QyxMoAHoECFwQAQ\"><div class=\"rVusze\"><span class=\"w8qArf\"><a class=\"fl\" href=\"https:\/\/www.google.com\/search?sxsrf=AJOqlzXRBdv-NGVpJFfWyy_-lug9v5p8dA:1676593468482&amp;q=paran%C3%A1+pontos+de+interesse&amp;stick=H4sIAAAAAAAAAOPgE-LUz9U3MMxIMU7TMshOttLPyU9OLMnMz9NPTMnNzMssLikCcstS41MyyzKLgeJWiSVAoWSQkuJFrNIFiUWJeYcXKhTk55XkFyukpCpk5pWkFqUWF6cCAGJlYB1dAAAA&amp;sa=X&amp;ved=2ahUKEwieifywpZv9AhWjH7kGHXTxAC0Q6BMoAHoECFwQAg\" target=\"_blank\" rel=\"noopener\" data-ved=\"2ahUKEwieifywpZv9AhWjH7kGHXTxAC0Q6BMoAHoECFwQAg\">Pontos de interesse<\/a><span class=\"eTVOZd\">:<\/span>\u00a0<\/span><span class=\"LrzXr kno-fv wHYlTd z8gr9e\"><a class=\"fl\" href=\"https:\/\/www.google.com\/search?sxsrf=AJOqlzXRBdv-NGVpJFfWyy_-lug9v5p8dA:1676593468482&amp;q=Museu+Oscar+Niemeyer&amp;stick=H4sIAAAAAAAAAOPgE-LUz9U3MMxIMU5T4gIxjQoL0uINtAyyk630c_KTE0sy8_P0E1NyM_Myi0uKgNyy1PiUzLLMYqC4VWIJUCgZpKR4EauIb2lxaqmCf3FyYpGCX2ZqbmplatEOVsZd7EwcDAA7OzB4agAAAA&amp;sa=X&amp;ved=2ahUKEwieifywpZv9AhWjH7kGHXTxAC0QmxMoAXoECFwQAw\" target=\"_blank\" rel=\"noopener\" data-ved=\"2ahUKEwieifywpZv9AhWjH7kGHXTxAC0QmxMoAXoECFwQAw\">Museu Oscar Niemeyer<\/a>,\u00a0<a class=\"fl\" href=\"https:\/\/www.google.com\/search?sxsrf=AJOqlzXRBdv-NGVpJFfWyy_-lug9v5p8dA:1676593468482&amp;q=paran%C3%A1+pontos+de+interesse&amp;stick=H4sIAAAAAAAAAOPgE-LUz9U3MMxIMU7TMshOttLPyU9OLMnMz9NPTMnNzMssLikCcstS41MyyzKLgeJWiSVAoWSQkuJFrNIFiUWJeYcXKhTk55XkFyukpCpk5pWkFqUWF6cCAGJlYB1dAAAA&amp;sa=X&amp;ved=2ahUKEwieifywpZv9AhWjH7kGHXTxAC0Q44YBKAJ6BAhcEAQ\" target=\"_blank\" rel=\"noopener\"><span class=\"SW5pqf\">MAIS<\/span><\/a><\/span><\/div><div class=\"rVusze\">\u00a0<\/div><\/div><\/div><\/div>\t\t\t\t\t\t<\/div>\n\t\t\t\t<\/div>\n\t\t\t\t\t<\/div>\n\t\t<\/div>\n\t\t\t\t\t\t\t<\/div>\n\t\t<\/section>\n\t\t\t\t<section class=\"has-el-gap el-gap-default elementor-section elementor-top-section elementor-element elementor-element-9ba7e7e elementor-section-boxed elementor-section-height-default elementor-section-height-default\" data-id=\"9ba7e7e\" data-element_type=\"section\">\n\t\t\t\t\t\t<div class=\"elementor-container elementor-column-gap-no\">\n\t\t\t\t\t<div class=\"elementor-column elementor-col-100 elementor-top-column elementor-element elementor-element-bc5683f\" data-id=\"bc5683f\" data-element_type=\"column\">\n\t\t\t<div class=\"elementor-widget-wrap elementor-element-populated\">\n\t\t\t\t\t\t\t\t<div class=\"elementor-element elementor-element-6dd077c elementor-widget elementor-widget-button\" data-id=\"6dd077c\" data-element_type=\"widget\" data-widget_type=\"button.default\">\n\t\t\t\t<div class=\"elementor-widget-container\">\n\t\t\t\t\t<div class=\"elementor-button-wrapper\">\n\t\t\t<a href=\"https:\/\/pt.wikipedia.org\/wiki\/Paran%C3%A1\" target=\"_blank\" class=\"elementor-button-link elementor-button elementor-size-sm elementor-animation-sink\" role=\"button\">\n\t\t\t\t\t\t<span class=\"elementor-button-content-wrapper\">\n\t\t\t\t\t\t\t<span class=\"elementor-button-icon elementor-align-icon-left\">\n\t\t\t\t<i aria-hidden=\"true\" class=\"far fa-hand-point-right\"><\/i>\t\t\t<\/span>\n\t\t\t\t\t\t<span class=\"elementor-button-text\">Saiba mais sobre o nosso Paran\u00e1<\/span>\n\t\t<\/span>\n\t\t\t\t\t<\/a>\n\t\t<\/div>\n\t\t\t\t<\/div>\n\t\t\t\t<\/div>\n\t\t\t\t\t<\/div>\n\t\t<\/div>\n\t\t\t\t\t\t\t<\/div>\n\t\t<\/section>\n\t\t\t\t\t\t\t<\/div>\n\t\t","protected":false},"excerpt":{"rendered":"<p>Paran\u00e1 \u00e9 um estado no sul do Brasil que alberga as Cataratas do Igua\u00e7u, com centenas de cascatas que se estendem ao longo da fronteira com a Argentina. Em torno das cataratas encontra-se o Parque Nacional do Igua\u00e7u, uma floresta subtropical com diversas esp\u00e9cies selvagens, enquanto no norte se encontra a enorme barragem de Itaipu.<\/p>\n","protected":false},"author":1,"featured_media":5392,"parent":0,"menu_order":0,"comment_status":"closed","ping_status":"closed","template":"page-templates\/authors.php","meta":{"_joinchat":[]},"_links":{"self":[{"href":"https:\/\/www.sintespar.com.br\/portal\/wp-json\/wp\/v2\/pages\/5391"}],"collection":[{"href":"https:\/\/www.sintespar.com.br\/portal\/wp-json\/wp\/v2\/pages"}],"about":[{"href":"https:\/\/www.sintespar.com.br\/portal\/wp-json\/wp\/v2\/types\/page"}],"author":[{"embeddable":true,"href":"https:\/\/www.sintespar.com.br\/portal\/wp-json\/wp\/v2\/users\/1"}],"replies":[{"embeddable":true,"href":"https:\/\/www.sintespar.com.br\/portal\/wp-json\/wp\/v2\/comments?post=5391"}],"version-history":[{"count":43,"href":"https:\/\/www.sintespar.com.br\/portal\/wp-json\/wp\/v2\/pages\/5391\/revisions"}],"predecessor-version":[{"id":5486,"href":"https:\/\/www.sintespar.com.br\/portal\/wp-json\/wp\/v2\/pages\/5391\/revisions\/5486"}],"wp:featuredmedia":[{"embeddable":true,"href":"https:\/\/www.sintespar.com.br\/portal\/wp-json\/wp\/v2\/media\/5392"}],"wp:attachment":[{"href":"https:\/\/www.sintespar.com.br\/portal\/wp-json\/wp\/v2\/media?parent=5391"}],"curies":[{"name":"wp","href":"https:\/\/api.w.org\/{rel}","templated":true}]}}