{"id":5487,"date":"2023-02-16T22:02:07","date_gmt":"2023-02-17T01:02:07","guid":{"rendered":"https:\/\/www.sintespar.com.br\/portal\/?page_id=5487"},"modified":"2024-07-03T22:04:40","modified_gmt":"2024-07-04T01:04:40","slug":"cursos","status":"publish","type":"page","link":"https:\/\/www.sintespar.com.br\/portal\/cursos\/","title":{"rendered":"Cursos"},"content":{"rendered":"\t\t<div data-elementor-type=\"wp-page\" data-elementor-id=\"5487\" class=\"elementor elementor-5487\">\n\t\t\t\t\t\t\t\t\t<section class=\"has-el-gap el-gap-default elementor-section elementor-top-section elementor-element elementor-element-4eb1869 elementor-section-boxed elementor-section-height-default elementor-section-height-default\" data-id=\"4eb1869\" data-element_type=\"section\">\n\t\t\t\t\t\t<div class=\"elementor-container elementor-column-gap-no\">\n\t\t\t\t\t<div class=\"elementor-column elementor-col-100 elementor-top-column elementor-element elementor-element-45353ff\" data-id=\"45353ff\" data-element_type=\"column\">\n\t\t\t<div class=\"elementor-widget-wrap elementor-element-populated\">\n\t\t\t\t\t\t\t\t<div class=\"elementor-element elementor-element-32b6182 elementor-widget elementor-widget-image\" data-id=\"32b6182\" data-element_type=\"widget\" data-widget_type=\"image.default\">\n\t\t\t\t<div class=\"elementor-widget-container\">\n\t\t\t<style>\/*! elementor - v3.8.1 - 13-11-2022 *\/\n.elementor-widget-image{text-align:center}.elementor-widget-image a{display:inline-block}.elementor-widget-image a img[src$=\".svg\"]{width:48px}.elementor-widget-image img{vertical-align:middle;display:inline-block}<\/style>\t\t\t\t\t\t\t\t\t\t\t\t\t<a href=\"\/portal\/formacao-de-multiplicadores-nr-11\/\">\n\t\t\t\t\t\t\t<img decoding=\"async\" width=\"788\" height=\"788\" src=\"https:\/\/www.sintespar.com.br\/portal\/wp-content\/uploads\/2024\/07\/Curso-de-INSTRUTOR_empilhaderia-sintespar-em-maio-de-2023-SINTESPAR-1024x1024.png\" class=\"attachment-large size-large\" alt=\"\" loading=\"lazy\" srcset=\"https:\/\/www.sintespar.com.br\/portal\/wp-content\/uploads\/2024\/07\/Curso-de-INSTRUTOR_empilhaderia-sintespar-em-maio-de-2023-SINTESPAR-1024x1024.png 1024w, https:\/\/www.sintespar.com.br\/portal\/wp-content\/uploads\/2024\/07\/Curso-de-INSTRUTOR_empilhaderia-sintespar-em-maio-de-2023-SINTESPAR-300x300.png 300w, https:\/\/www.sintespar.com.br\/portal\/wp-content\/uploads\/2024\/07\/Curso-de-INSTRUTOR_empilhaderia-sintespar-em-maio-de-2023-SINTESPAR-150x150.png 150w, https:\/\/www.sintespar.com.br\/portal\/wp-content\/uploads\/2024\/07\/Curso-de-INSTRUTOR_empilhaderia-sintespar-em-maio-de-2023-SINTESPAR-768x768.png 768w, https:\/\/www.sintespar.com.br\/portal\/wp-content\/uploads\/2024\/07\/Curso-de-INSTRUTOR_empilhaderia-sintespar-em-maio-de-2023-SINTESPAR-450x450.png 450w, https:\/\/www.sintespar.com.br\/portal\/wp-content\/uploads\/2024\/07\/Curso-de-INSTRUTOR_empilhaderia-sintespar-em-maio-de-2023-SINTESPAR-600x600.png 600w, https:\/\/www.sintespar.com.br\/portal\/wp-content\/uploads\/2024\/07\/Curso-de-INSTRUTOR_empilhaderia-sintespar-em-maio-de-2023-SINTESPAR-336x336.png 336w, https:\/\/www.sintespar.com.br\/portal\/wp-content\/uploads\/2024\/07\/Curso-de-INSTRUTOR_empilhaderia-sintespar-em-maio-de-2023-SINTESPAR.png 1080w\" sizes=\"(max-width: 788px) 100vw, 788px\" \/>\t\t\t\t\t\t\t\t<\/a>\n\t\t\t\t\t\t\t\t\t\t\t\t\t\t\t<\/div>\n\t\t\t\t<\/div>\n\t\t\t\t<div class=\"elementor-element elementor-element-8905835 elementor-widget elementor-widget-spacer\" data-id=\"8905835\" data-element_type=\"widget\" data-widget_type=\"spacer.default\">\n\t\t\t\t<div class=\"elementor-widget-container\">\n\t\t\t<style>\/*! elementor - v3.8.1 - 13-11-2022 *\/\n.elementor-column .elementor-spacer-inner{height:var(--spacer-size)}.e-con{--container-widget-width:100%}.e-con-inner>.elementor-widget-spacer,.e-con>.elementor-widget-spacer{width:var(--container-widget-width,var(--spacer-size));-ms-flex-item-align:stretch;align-self:stretch;-ms-flex-negative:0;flex-shrink:0}.e-con-inner>.elementor-widget-spacer>.elementor-widget-container,.e-con-inner>.elementor-widget-spacer>.elementor-widget-container>.elementor-spacer,.e-con>.elementor-widget-spacer>.elementor-widget-container,.e-con>.elementor-widget-spacer>.elementor-widget-container>.elementor-spacer{height:100%}.e-con-inner>.elementor-widget-spacer>.elementor-widget-container>.elementor-spacer>.elementor-spacer-inner,.e-con>.elementor-widget-spacer>.elementor-widget-container>.elementor-spacer>.elementor-spacer-inner{height:var(--container-widget-height,var(--spacer-size))}<\/style>\t\t<div class=\"elementor-spacer\">\n\t\t\t<div class=\"elementor-spacer-inner\"><\/div>\n\t\t<\/div>\n\t\t\t\t<\/div>\n\t\t\t\t<\/div>\n\t\t\t\t<div class=\"elementor-element elementor-element-458822d elementor-widget elementor-widget-audio\" data-id=\"458822d\" data-element_type=\"widget\" data-widget_type=\"audio.default\">\n\t\t\t\t<div class=\"elementor-widget-container\">\n\t\t\t\t\t\t<div class=\"elementor-soundcloud-wrapper\">\n\t\t\t\t<iframe loading=\"lazy\" width=\"788\" height=\"200\" scrolling=\"no\" frameborder=\"no\" src=\"https:\/\/w.soundcloud.com\/player\/?visual=false&#038;url=https%3A%2F%2Fapi.soundcloud.com%2Ftracks%2F1862489271&#038;show_artwork=true&#038;maxheight=1000&#038;maxwidth=788&#038;auto_play=true&#038;buying=true&#038;liking=true&#038;download=true&#038;sharing=true&#038;show_comments=true&#038;show_playcount=true&#038;show_user=true&#038;color\"><\/iframe>\t\t\t<\/div>\n\t\t\t\t\t<\/div>\n\t\t\t\t<\/div>\n\t\t\t\t<div class=\"elementor-element elementor-element-86e8058 elementor-widget elementor-widget-image\" data-id=\"86e8058\" data-element_type=\"widget\" data-widget_type=\"image.default\">\n\t\t\t\t<div class=\"elementor-widget-container\">\n\t\t\t\t\t\t\t\t\t\t\t\t\t\t\t<img decoding=\"async\" width=\"788\" height=\"290\" src=\"https:\/\/www.sintespar.com.br\/portal\/wp-content\/uploads\/2023\/02\/14066_30-09-2019-1024x377.jpg\" class=\"attachment-large size-large\" alt=\"\" loading=\"lazy\" srcset=\"https:\/\/www.sintespar.com.br\/portal\/wp-content\/uploads\/2023\/02\/14066_30-09-2019-1024x377.jpg 1024w, https:\/\/www.sintespar.com.br\/portal\/wp-content\/uploads\/2023\/02\/14066_30-09-2019-300x111.jpg 300w, https:\/\/www.sintespar.com.br\/portal\/wp-content\/uploads\/2023\/02\/14066_30-09-2019-768x283.jpg 768w, https:\/\/www.sintespar.com.br\/portal\/wp-content\/uploads\/2023\/02\/14066_30-09-2019-1536x566.jpg 1536w, https:\/\/www.sintespar.com.br\/portal\/wp-content\/uploads\/2023\/02\/14066_30-09-2019-2048x755.jpg 2048w, https:\/\/www.sintespar.com.br\/portal\/wp-content\/uploads\/2023\/02\/14066_30-09-2019-150x55.jpg 150w, https:\/\/www.sintespar.com.br\/portal\/wp-content\/uploads\/2023\/02\/14066_30-09-2019-450x166.jpg 450w, https:\/\/www.sintespar.com.br\/portal\/wp-content\/uploads\/2023\/02\/14066_30-09-2019-1200x442.jpg 1200w, https:\/\/www.sintespar.com.br\/portal\/wp-content\/uploads\/2023\/02\/14066_30-09-2019-600x221.jpg 600w\" sizes=\"(max-width: 788px) 100vw, 788px\" \/>\t\t\t\t\t\t\t\t\t\t\t\t\t\t\t<\/div>\n\t\t\t\t<\/div>\n\t\t\t\t<div class=\"elementor-element elementor-element-569730b elementor-widget elementor-widget-text-editor\" data-id=\"569730b\" data-element_type=\"widget\" data-widget_type=\"text-editor.default\">\n\t\t\t\t<div class=\"elementor-widget-container\">\n\t\t\t<style>\/*! elementor - v3.8.1 - 13-11-2022 *\/\n.elementor-widget-text-editor.elementor-drop-cap-view-stacked .elementor-drop-cap{background-color:#818a91;color:#fff}.elementor-widget-text-editor.elementor-drop-cap-view-framed .elementor-drop-cap{color:#818a91;border:3px solid;background-color:transparent}.elementor-widget-text-editor:not(.elementor-drop-cap-view-default) .elementor-drop-cap{margin-top:8px}.elementor-widget-text-editor:not(.elementor-drop-cap-view-default) .elementor-drop-cap-letter{width:1em;height:1em}.elementor-widget-text-editor .elementor-drop-cap{float:left;text-align:center;line-height:1;font-size:50px}.elementor-widget-text-editor .elementor-drop-cap-letter{display:inline-block}<\/style>\t\t\t\t<div class=\"ahS2Le\"><h1>Curso de Extens\u00e3o Profissional em Seguran\u00e7a e Sa\u00fade no Trabalho<\/h1><p>O curso de Extens\u00e3o Profissional em Seguran\u00e7a e Sa\u00fade no Trabalho, com o apoio do Sindicato dos T\u00e9cnicos em Seguran\u00e7a do Paran\u00e1 \u2013 SINTESPAR, \u00e9 um curso voltado \u00e0 instru\u00e7\u00e3o e capacita\u00e7\u00e3o de profissionais que desejam se tornar verdadeiros gestores por meio das compet\u00eancias necess\u00e1rias, partindo da teoria, aplicando conceitos, normas, ferramentas, e por fim passando a construir uma rotina ativa que eleve a preven\u00e7\u00e3o, a sa\u00fade e a seguran\u00e7a do trabalho ao seu m\u00e1ximo n\u00edvel de excel\u00eancia.<\/p><\/div><div class=\"cBGGJ OIC90c\" dir=\"auto\"><div>\u00a0<\/div><div>O curso conta com os seguintes m\u00f3dulos:<\/div><div><b>\u00a0<\/b><\/div><div>1- Seguran\u00e7a do Trabalho<\/div><div>2-\u00a0O papel do Gestor de Seguran\u00e7a e Sa\u00fade do Trabalho &#8211; GSS<\/div><div>3- Higiene Ocupacional<\/div><div>4-\u00a0Gest\u00e3o e aplica\u00e7\u00e3o das NR\u2019s<\/div><div>5- Gest\u00e3o da Sa\u00fade Ocupacional<\/div><div>6- Gest\u00e3o da Preven\u00e7\u00e3o<\/div><div>7- Gest\u00e3o de Acidentes<\/div><div>8- Gest\u00e3o na Pr\u00e1tica<\/div><div>\u00a0<\/div><div><img decoding=\"async\" loading=\"lazy\" class=\" wp-image-5501 alignleft\" style=\"font-size: 14px; font-family: 'Public Sans', system-ui, sans-serif;\" src=\"https:\/\/www.sintespar.com.br\/portal\/wp-content\/uploads\/2023\/02\/images.png\" alt=\"\" width=\"77\" height=\"77\" srcset=\"https:\/\/www.sintespar.com.br\/portal\/wp-content\/uploads\/2023\/02\/images.png 225w, https:\/\/www.sintespar.com.br\/portal\/wp-content\/uploads\/2023\/02\/images-150x150.png 150w\" sizes=\"(max-width: 77px) 100vw, 77px\" \/><\/div><div>Um curso totalmente voltado para trazer praticidade, conhecimento de ferramentas e materiais que aplicados a rotina de trabalho, tragam ainda mais engajamento a esses profissionais junto aos seus times de trabalho.<\/div><\/div>\t\t\t\t\t\t<\/div>\n\t\t\t\t<\/div>\n\t\t\t\t\t<\/div>\n\t\t<\/div>\n\t\t\t\t\t\t\t<\/div>\n\t\t<\/section>\n\t\t\t\t<section class=\"has-el-gap el-gap-default elementor-section elementor-top-section elementor-element elementor-element-3b72f63 elementor-section-boxed elementor-section-height-default elementor-section-height-default\" data-id=\"3b72f63\" data-element_type=\"section\">\n\t\t\t\t\t\t<div class=\"elementor-container elementor-column-gap-no\">\n\t\t\t\t\t<div class=\"elementor-column elementor-col-100 elementor-top-column elementor-element elementor-element-3fac166\" data-id=\"3fac166\" data-element_type=\"column\">\n\t\t\t<div class=\"elementor-widget-wrap elementor-element-populated\">\n\t\t\t\t\t\t\t\t<div class=\"elementor-element elementor-element-dd518cc elementor-align-left elementor-widget elementor-widget-button\" data-id=\"dd518cc\" data-element_type=\"widget\" data-widget_type=\"button.default\">\n\t\t\t\t<div class=\"elementor-widget-container\">\n\t\t\t\t\t<div class=\"elementor-button-wrapper\">\n\t\t\t<a href=\"\/portal\/contato\/\" class=\"elementor-button-link elementor-button elementor-size-sm elementor-animation-shrink\" role=\"button\">\n\t\t\t\t\t\t<span class=\"elementor-button-content-wrapper\">\n\t\t\t\t\t\t\t<span class=\"elementor-button-icon elementor-align-icon-left\">\n\t\t\t\t<i aria-hidden=\"true\" class=\"far fa-paper-plane\"><\/i>\t\t\t<\/span>\n\t\t\t\t\t\t<span class=\"elementor-button-text\">Entre em contato aqui!<\/span>\n\t\t<\/span>\n\t\t\t\t\t<\/a>\n\t\t<\/div>\n\t\t\t\t<\/div>\n\t\t\t\t<\/div>\n\t\t\t\t<div class=\"elementor-element elementor-element-e49e41f elementor-widget-divider--view-line_icon elementor-view-default elementor-widget-divider--element-align-center elementor-widget elementor-widget-divider\" data-id=\"e49e41f\" data-element_type=\"widget\" data-widget_type=\"divider.default\">\n\t\t\t\t<div class=\"elementor-widget-container\">\n\t\t\t<style>\/*! elementor - v3.8.1 - 13-11-2022 *\/\n.elementor-widget-divider{--divider-border-style:none;--divider-border-width:1px;--divider-color:#2c2c2c;--divider-icon-size:20px;--divider-element-spacing:10px;--divider-pattern-height:24px;--divider-pattern-size:20px;--divider-pattern-url:none;--divider-pattern-repeat:repeat-x}.elementor-widget-divider .elementor-divider{display:-webkit-box;display:-ms-flexbox;display:flex}.elementor-widget-divider .elementor-divider__text{font-size:15px;line-height:1;max-width:95%}.elementor-widget-divider .elementor-divider__element{margin:0 var(--divider-element-spacing);-ms-flex-negative:0;flex-shrink:0}.elementor-widget-divider .elementor-icon{font-size:var(--divider-icon-size)}.elementor-widget-divider .elementor-divider-separator{display:-webkit-box;display:-ms-flexbox;display:flex;margin:0;direction:ltr}.elementor-widget-divider--view-line_icon .elementor-divider-separator,.elementor-widget-divider--view-line_text .elementor-divider-separator{-webkit-box-align:center;-ms-flex-align:center;align-items:center}.elementor-widget-divider--view-line_icon .elementor-divider-separator:after,.elementor-widget-divider--view-line_icon .elementor-divider-separator:before,.elementor-widget-divider--view-line_text .elementor-divider-separator:after,.elementor-widget-divider--view-line_text .elementor-divider-separator:before{display:block;content:\"\";border-bottom:0;-webkit-box-flex:1;-ms-flex-positive:1;flex-grow:1;border-top:var(--divider-border-width) var(--divider-border-style) var(--divider-color)}.elementor-widget-divider--element-align-left .elementor-divider .elementor-divider-separator>.elementor-divider__svg:first-of-type{-webkit-box-flex:0;-ms-flex-positive:0;flex-grow:0;-ms-flex-negative:100;flex-shrink:100}.elementor-widget-divider--element-align-left .elementor-divider-separator:before{content:none}.elementor-widget-divider--element-align-left .elementor-divider__element{margin-left:0}.elementor-widget-divider--element-align-right .elementor-divider .elementor-divider-separator>.elementor-divider__svg:last-of-type{-webkit-box-flex:0;-ms-flex-positive:0;flex-grow:0;-ms-flex-negative:100;flex-shrink:100}.elementor-widget-divider--element-align-right .elementor-divider-separator:after{content:none}.elementor-widget-divider--element-align-right .elementor-divider__element{margin-right:0}.elementor-widget-divider:not(.elementor-widget-divider--view-line_text):not(.elementor-widget-divider--view-line_icon) .elementor-divider-separator{border-top:var(--divider-border-width) var(--divider-border-style) var(--divider-color)}.elementor-widget-divider--separator-type-pattern{--divider-border-style:none}.elementor-widget-divider--separator-type-pattern.elementor-widget-divider--view-line .elementor-divider-separator,.elementor-widget-divider--separator-type-pattern:not(.elementor-widget-divider--view-line) .elementor-divider-separator:after,.elementor-widget-divider--separator-type-pattern:not(.elementor-widget-divider--view-line) .elementor-divider-separator:before,.elementor-widget-divider--separator-type-pattern:not([class*=elementor-widget-divider--view]) .elementor-divider-separator{width:100%;min-height:var(--divider-pattern-height);-webkit-mask-size:var(--divider-pattern-size) 100%;mask-size:var(--divider-pattern-size) 100%;-webkit-mask-repeat:var(--divider-pattern-repeat);mask-repeat:var(--divider-pattern-repeat);background-color:var(--divider-color);-webkit-mask-image:var(--divider-pattern-url);mask-image:var(--divider-pattern-url)}.elementor-widget-divider--no-spacing{--divider-pattern-size:auto}.elementor-widget-divider--bg-round{--divider-pattern-repeat:round}.rtl .elementor-widget-divider .elementor-divider__text{direction:rtl}.e-con-inner>.elementor-widget-divider,.e-con>.elementor-widget-divider{width:var(--container-widget-width,100%)}<\/style>\t\t<div class=\"elementor-divider\">\n\t\t\t<span class=\"elementor-divider-separator\">\n\t\t\t\t\t\t\t<div class=\"elementor-icon elementor-divider__element\">\n\t\t\t\t\t<i aria-hidden=\"true\" class=\"fas fa-pencil-alt\"><\/i><\/div>\n\t\t\t\t\t\t<\/span>\n\t\t<\/div>\n\t\t\t\t<\/div>\n\t\t\t\t<\/div>\n\t\t\t\t\t<\/div>\n\t\t<\/div>\n\t\t\t\t\t\t\t<\/div>\n\t\t<\/section>\n\t\t\t\t<section class=\"has-el-gap el-gap-default elementor-section elementor-top-section elementor-element elementor-element-6e0671d elementor-section-boxed elementor-section-height-default elementor-section-height-default\" data-id=\"6e0671d\" data-element_type=\"section\">\n\t\t\t\t\t\t<div class=\"elementor-container elementor-column-gap-no\">\n\t\t\t\t\t<div class=\"elementor-column elementor-col-100 elementor-top-column elementor-element elementor-element-863037e\" data-id=\"863037e\" data-element_type=\"column\">\n\t\t\t<div class=\"elementor-widget-wrap elementor-element-populated\">\n\t\t\t\t\t\t\t\t<div class=\"elementor-element elementor-element-275879a elementor-widget elementor-widget-text-editor\" data-id=\"275879a\" data-element_type=\"widget\" data-widget_type=\"text-editor.default\">\n\t\t\t\t<div class=\"elementor-widget-container\">\n\t\t\t\t\t\t\t<p><img decoding=\"async\" loading=\"lazy\" class=\" wp-image-5595 alignleft\" src=\"https:\/\/www.sintespar.com.br\/portal\/wp-content\/uploads\/2023\/02\/fundacentro-1.gif\" alt=\"\" width=\"154\" height=\"154\" \/><\/p><h2 class=\"documentFirstHeading\"><strong>A Fundacentro, Institui\u00e7\u00f5es Parceiras e a Escola Nacional de Administra\u00e7\u00e3o P\u00fablica (Enap) disponibilizam cursos on-line gratuitos atrav\u00e9s da Escola Virtual de Governo (EVG)<\/strong><\/h2><h1>\u00a0<\/h1><h1 class=\"documentFirstHeading\">Cursos On-line<\/h1><h3 class=\"documentDescription description\">Disponibilizados em plataforma do governo.<\/h3><div class=\"\"><div id=\"content\"><div id=\"content-core\"><div id=\"parent-fieldname-text\"><ul><li>Curso CISSP\/ANM.\u00a0Curso fechado, h\u00edbrido: virtual ass\u00edncrono (Moodle),\u00a0virtual S\u00edncrono (Microsoft Teams) e\u00a0Presencial para os servidores da Comiss\u00e3o Interna da Sa\u00fade do Servidor (CISSP) da Ag\u00eancia Nacional de Minera\u00e7\u00e3o (ANM).<\/li><li>Processos de minera\u00e7\u00e3o subterr\u00e2nea e avalia\u00e7\u00e3o de riscos ocupacionais.\u00a0Curso fechado, on-line s\u00edncrono realizado no Microsoft Teams para os profissionais do\u00a0Centro Estadual de Sa\u00fade do Trabalhador (CEST) do Paran\u00e1.<\/li><li>Avalia\u00e7\u00e3o qualitativa de risco: exposi\u00e7\u00e3o a agentes qu\u00edmicos &#8211;\u00a0<a class=\"external-link\" title=\"\" href=\"https:\/\/www.escolavirtual.gov.br\/curso\/762\" target=\"_blank\" rel=\"noopener\" data-tippreview-enabled=\"false\" data-tippreview-image=\"\" data-tippreview-title=\"\">clique aqui<\/a>\u00a0para se inscrever.<\/li><li>Reconhecimento de Riscos Qu\u00edmicos nos Ambientes de Trabalho &#8211;\u00a0<a class=\"external-link\" title=\"clique aqui\" href=\"https:\/\/www.escolavirtual.gov.br\/curso\/760\" target=\"_blank\" rel=\"noopener\" data-tippreview-enabled=\"false\" data-tippreview-image=\"\" data-tippreview-title=\"\">clique aqui<\/a>\u00a0para se inscrever.<\/li><li>Biosseguran\u00e7a em Laborat\u00f3rios de Ensino e Pesquisa &#8211;\u00a0<a class=\"external-link\" title=\"\" href=\"https:\/\/www.escolavirtual.gov.br\/curso\/717\" target=\"_blank\" rel=\"noopener\" data-tippreview-enabled=\"false\" data-tippreview-image=\"\" data-tippreview-title=\"\">clique aqui<\/a>\u00a0para se inscrever.<\/li><li>No\u00e7\u00f5es b\u00e1sicas de SST para Pequenos Neg\u00f3cios &#8211;\u00a0<a class=\"external-link\" title=\"\" href=\"https:\/\/www.escolavirtual.gov.br\/curso\/725\" target=\"_blank\" rel=\"noopener\" data-tippreview-enabled=\"false\" data-tippreview-image=\"\" data-tippreview-title=\"\">clique aqui<\/a>\u00a0para se inscrever.<\/li><li>Para que serve a An\u00e1lise Ergon\u00f4mica do Trabalho &#8211;\u00a0<a class=\"external-link\" title=\"\" href=\"https:\/\/www.escolavirtual.gov.br\/curso\/716\" target=\"_blank\" rel=\"noopener\" data-tippreview-enabled=\"false\" data-tippreview-image=\"\" data-tippreview-title=\"\">clique aqui<\/a>\u00a0para se inscrever.<\/li><li>Seguran\u00e7a em M\u00e1quinas e Equipamentos NR12 &#8211; Fundamentos B\u00e1sicos &#8211;\u00a0<a class=\"external-link\" title=\"\" href=\"https:\/\/www.escolavirtual.gov.br\/curso\/369\" target=\"_blank\" rel=\"noopener\" data-tippreview-enabled=\"false\" data-tippreview-image=\"\" data-tippreview-title=\"\">clique aqui<\/a>\u00a0para se inscrever.<\/li><li>Seguran\u00e7a em M\u00e1quinas e Equipamentos NR12 &#8211; Aprecia\u00e7\u00e3o e Redu\u00e7\u00e3o de Risco &#8211;\u00a0<a class=\"external-link\" title=\"\" href=\"https:\/\/www.escolavirtual.gov.br\/curso\/596\" target=\"_blank\" rel=\"noopener\" data-tippreview-enabled=\"false\" data-tippreview-image=\"\" data-tippreview-title=\"\">clique aqui<\/a>\u00a0para se inscrever.<\/li><li>Seguran\u00e7a Qu\u00edmica em Laborat\u00f3rios de Ensino e Pesquisa &#8211;\u00a0<a class=\"external-link\" title=\"\" href=\"https:\/\/www.escolavirtual.gov.br\/curso\/365\" target=\"_blank\" rel=\"noopener\" data-tippreview-enabled=\"false\" data-tippreview-image=\"\" data-tippreview-title=\"\">clique aqui<\/a>\u00a0para se inscrever.<\/li><li>Transmiss\u00e3o a\u00e9rea: atualiza\u00e7\u00e3o ap\u00f3s a COVID-19 &#8211;\u00a0<a class=\"external-link\" title=\"\" href=\"https:\/\/www.escolavirtual.gov.br\/curso\/751\" target=\"_blank\" rel=\"noopener\" data-tippreview-enabled=\"false\" data-tippreview-image=\"\" data-tippreview-title=\"\">clique aqui<\/a>\u00a0para se inscrever.<\/li><\/ul><\/div><\/div><div id=\"viewlet-below-content-body\"><div class=\"visualClear\">Fonte:<a href=\"https:\/\/www.gov.br\/fundacentro\/pt-br\/centrais-de-conteudo\/cursos-e-eventos\/cursos-ead\" target=\"_blank\" rel=\"noopener\"> Fundacentro<\/a><\/div><div class=\"documentActions\">\u00a0<\/div><\/div><\/div><\/div><div id=\"viewlet-below-content\">\u00a0<\/div>\t\t\t\t\t\t<\/div>\n\t\t\t\t<\/div>\n\t\t\t\t\t<\/div>\n\t\t<\/div>\n\t\t\t\t\t\t\t<\/div>\n\t\t<\/section>\n\t\t\t\t\t\t\t<\/div>\n\t\t","protected":false},"excerpt":{"rendered":"<p>Curso de Extens\u00e3o Profissional em Seguran\u00e7a e Sa\u00fade no Trabalho O curso de Extens\u00e3o Profissional em Seguran\u00e7a e Sa\u00fade no Trabalho, com o apoio do Sindicato dos T\u00e9cnicos em Seguran\u00e7a do Paran\u00e1 \u2013 SINTESPAR, \u00e9 um curso voltado \u00e0 instru\u00e7\u00e3o e capacita\u00e7\u00e3o de profissionais que desejam se tornar verdadeiros gestores por meio das compet\u00eancias necess\u00e1rias,<\/p>\n","protected":false},"author":1,"featured_media":0,"parent":0,"menu_order":0,"comment_status":"closed","ping_status":"closed","template":"page-templates\/authors.php","meta":{"_joinchat":[]},"_links":{"self":[{"href":"https:\/\/www.sintespar.com.br\/portal\/wp-json\/wp\/v2\/pages\/5487"}],"collection":[{"href":"https:\/\/www.sintespar.com.br\/portal\/wp-json\/wp\/v2\/pages"}],"about":[{"href":"https:\/\/www.sintespar.com.br\/portal\/wp-json\/wp\/v2\/types\/page"}],"author":[{"embeddable":true,"href":"https:\/\/www.sintespar.com.br\/portal\/wp-json\/wp\/v2\/users\/1"}],"replies":[{"embeddable":true,"href":"https:\/\/www.sintespar.com.br\/portal\/wp-json\/wp\/v2\/comments?post=5487"}],"version-history":[{"count":107,"href":"https:\/\/www.sintespar.com.br\/portal\/wp-json\/wp\/v2\/pages\/5487\/revisions"}],"predecessor-version":[{"id":7973,"href":"https:\/\/www.sintespar.com.br\/portal\/wp-json\/wp\/v2\/pages\/5487\/revisions\/7973"}],"wp:attachment":[{"href":"https:\/\/www.sintespar.com.br\/portal\/wp-json\/wp\/v2\/media?parent=5487"}],"curies":[{"name":"wp","href":"https:\/\/api.w.org\/{rel}","templated":true}]}}