{"id":565,"date":"2021-01-17T11:50:11","date_gmt":"2021-01-17T14:50:11","guid":{"rendered":"https:\/\/smartmag.theme-sphere.com\/good-news\/get-in-touch\/"},"modified":"2023-02-12T22:37:03","modified_gmt":"2023-02-13T01:37:03","slug":"contato","status":"publish","type":"page","link":"https:\/\/www.sintespar.com.br\/portal\/contato\/","title":{"rendered":"Contato"},"content":{"rendered":"\t\t<div data-elementor-type=\"wp-page\" data-elementor-id=\"565\" class=\"elementor elementor-565\">\n\t\t\t\t\t\t\t\t\t<section class=\"elementor-section elementor-top-section elementor-element elementor-element-44370b4b elementor-section-boxed elementor-section-height-default elementor-section-height-default\" data-id=\"44370b4b\" data-element_type=\"section\">\n\t\t\t\t\t\t<div class=\"elementor-container elementor-column-gap-default\">\n\t\t\t\t\t<div class=\"elementor-column elementor-col-100 elementor-top-column elementor-element elementor-element-7d1b4c54\" data-id=\"7d1b4c54\" data-element_type=\"column\">\n\t\t\t<div class=\"elementor-widget-wrap elementor-element-populated\">\n\t\t\t\t\t\t\t\t<div class=\"elementor-element elementor-element-f219f54 elementor-widget elementor-widget-image\" data-id=\"f219f54\" data-element_type=\"widget\" data-widget_type=\"image.default\">\n\t\t\t\t<div class=\"elementor-widget-container\">\n\t\t\t<style>\/*! elementor - v3.8.1 - 13-11-2022 *\/\n.elementor-widget-image{text-align:center}.elementor-widget-image a{display:inline-block}.elementor-widget-image a img[src$=\".svg\"]{width:48px}.elementor-widget-image img{vertical-align:middle;display:inline-block}<\/style>\t\t\t\t\t\t\t\t\t\t\t\t<img decoding=\"async\" width=\"800\" height=\"203\" src=\"https:\/\/www.sintespar.com.br\/portal\/wp-content\/uploads\/2023\/02\/fale-conosco-nutribox.jpg\" class=\"attachment-full size-full\" alt=\"\" loading=\"lazy\" srcset=\"https:\/\/www.sintespar.com.br\/portal\/wp-content\/uploads\/2023\/02\/fale-conosco-nutribox.jpg 800w, https:\/\/www.sintespar.com.br\/portal\/wp-content\/uploads\/2023\/02\/fale-conosco-nutribox-600x152.jpg 600w, https:\/\/www.sintespar.com.br\/portal\/wp-content\/uploads\/2023\/02\/fale-conosco-nutribox-300x76.jpg 300w, https:\/\/www.sintespar.com.br\/portal\/wp-content\/uploads\/2023\/02\/fale-conosco-nutribox-768x195.jpg 768w, https:\/\/www.sintespar.com.br\/portal\/wp-content\/uploads\/2023\/02\/fale-conosco-nutribox-150x38.jpg 150w, https:\/\/www.sintespar.com.br\/portal\/wp-content\/uploads\/2023\/02\/fale-conosco-nutribox-450x114.jpg 450w\" sizes=\"(max-width: 800px) 100vw, 800px\" \/>\t\t\t\t\t\t\t\t\t\t\t\t\t\t\t<\/div>\n\t\t\t\t<\/div>\n\t\t\t\t<div class=\"elementor-element elementor-element-416ace68 elementor-widget elementor-widget-text-editor\" data-id=\"416ace68\" data-element_type=\"widget\" data-widget_type=\"text-editor.default\">\n\t\t\t\t<div class=\"elementor-widget-container\">\n\t\t\t<style>\/*! elementor - v3.8.1 - 13-11-2022 *\/\n.elementor-widget-text-editor.elementor-drop-cap-view-stacked .elementor-drop-cap{background-color:#818a91;color:#fff}.elementor-widget-text-editor.elementor-drop-cap-view-framed .elementor-drop-cap{color:#818a91;border:3px solid;background-color:transparent}.elementor-widget-text-editor:not(.elementor-drop-cap-view-default) .elementor-drop-cap{margin-top:8px}.elementor-widget-text-editor:not(.elementor-drop-cap-view-default) .elementor-drop-cap-letter{width:1em;height:1em}.elementor-widget-text-editor .elementor-drop-cap{float:left;text-align:center;line-height:1;font-size:50px}.elementor-widget-text-editor .elementor-drop-cap-letter{display:inline-block}<\/style>\t\t\t\t<p><!-- wp:paragraph --><\/p>\n<h2 style=\"box-sizing: inherit; font-family: 'Public Sans', system-ui, sans-serif; font-weight: var(--title-fw-bold); text-align: start;\">SINTESPAR &#8211; Sindicato dos T\u00e9cnicos de Seguran\u00e7a do Trabalho no Estado do Paran\u00e1.\u00a0<\/h2>\n<p style=\"box-sizing: inherit; margin-bottom: var(--post-content-gaps); text-align: start; font-weight: 400; font-size: 16.604px; font-family: 'Public Sans', system-ui, sans-serif; color: #333333;\">C\u00f3digo Sindical: 005.371.1883.49-1 &#8211;\u00a0<span style=\"font-size: 16.604px;\">CNPJ: 76.085.893\/0001-87<\/span><\/p>\n<p style=\"box-sizing: inherit; margin-bottom: var(--post-content-gaps); text-align: start;\"><span style=\"color: #333333;\"><span style=\"font-size: 16.604px;\"><b>Nosso endere\u00e7o postal<\/b><\/span><\/span><\/p>\n<p style=\"box-sizing: inherit; margin-bottom: var(--post-content-gaps); text-align: start;\"><span style=\"color: #333333;\"><span style=\"font-size: 16.604px;\"><b>Rua:\u00a0<\/b><\/span><span style=\"font-size: 16.604px; font-weight: 400;\"> Rio Araguari, n\u00ba 884 |\u00a0<\/span><\/span><span style=\"font-size: 16.604px; color: #333333;\"><b>Bairro:<\/b><\/span><span style=\"font-size: 16.604px; font-weight: 400; color: #333333;\">\u00a0 Bairro Alto | <\/span><span style=\"font-size: 16.604px; color: #333333;\"><b>CEP:<\/b><\/span><span style=\"font-size: 16.604px; font-weight: 400; color: #333333;\"> 82840-200- Curitiba &#8211; Paran\u00e1 &#8211; Brasil.<\/span><\/p>\n<h6><img decoding=\"async\" loading=\"lazy\" class=\"\" src=\"https:\/\/www.freepnglogos.com\/uploads\/whatsapp-png-image-9.png\" alt=\"WhatsApp Logo PNG Images Free DOWNLOAD | By Freepnglogos.com\" width=\"27\" height=\"27\" \/><span style=\"color: #333333;\"><span style=\"font-size: 16.604px;\">\u00a0<\/span><strong><span style=\"font-size: 16.604px;\">(41) 9.9113-2606<\/span><\/strong><\/span><\/h6>\n<p style=\"box-sizing: inherit; margin-bottom: var(--post-content-gaps); text-align: start;\"><span style=\"color: #333333;\"><span style=\"font-size: 16.604px;\"><b>Hor\u00e1rio de atendimento:<\/b><\/span><span style=\"font-size: 16.604px; font-weight: 400;\"> 09:00 \u00e0s 12:00 &#8211; 13:30 \u00e0s 17:00\u00a0 \u00a0 \u00a0 \u00a0<\/span><\/span><\/p>\n<p style=\"box-sizing: inherit; margin-bottom: var(--post-content-gaps); text-align: start;\"><span style=\"color: #333333;\"><span style=\"font-size: 16.604px;\"><b>E-mail:<\/b> <\/span><span style=\"font-size: 16.604px; font-weight: 400;\">sintespar@yahoo.com.br |\u00a0<\/span><\/span><span style=\"font-size: 16.604px; color: #333333;\">Atendimento somente Online<\/span><\/p>\n<p style=\"box-sizing: inherit; margin-bottom: var(--post-content-gaps); text-align: start;\"><span style=\"font-family: var(--text-h-font, inherit); text-align: justify; color: #008000; font-size: 1.5em; font-weight: var(--title-fw-bold);\">Formul\u00e1rio de Contato<\/span><span style=\"font-size: 16.604px; text-align: justify; color: #008000;\">\u00a0<\/span><\/p>\n<p><!-- \/wp:heading --><!-- wp:paragraph --><!-- \/wp:paragraph --><!-- wp:contact-form-7\/contact-form-selector {\"id\":567,\"title\":\"Contact Form Example\"} --><!-- \/wp:contact-form-7\/contact-form-selector --><\/p>\t\t\t\t\t\t<\/div>\n\t\t\t\t<\/div>\n\t\t\t\t<div class=\"elementor-element elementor-element-2c0c970 elementor-button-align-stretch elementor-widget elementor-widget-form\" data-id=\"2c0c970\" data-element_type=\"widget\" data-settings=\"{&quot;step_next_label&quot;:&quot;Next&quot;,&quot;step_previous_label&quot;:&quot;Previous&quot;,&quot;button_width&quot;:&quot;100&quot;,&quot;step_type&quot;:&quot;number_text&quot;,&quot;step_icon_shape&quot;:&quot;circle&quot;}\" data-widget_type=\"form.default\">\n\t\t\t\t<div class=\"elementor-widget-container\">\n\t\t\t<style>\/*! elementor-pro - v3.6.5 - 12-04-2022 *\/\n.elementor-button.elementor-hidden,.elementor-hidden{display:none}.e-form__step{width:100%}.e-form__step:not(.elementor-hidden){display:-webkit-box;display:-ms-flexbox;display:flex;-ms-flex-wrap:wrap;flex-wrap:wrap}.e-form__buttons{-ms-flex-wrap:wrap;flex-wrap:wrap}.e-form__buttons,.e-form__buttons__wrapper{display:-webkit-box;display:-ms-flexbox;display:flex}.e-form__indicators{-webkit-box-pack:justify;-ms-flex-pack:justify;justify-content:space-between;-ms-flex-wrap:nowrap;flex-wrap:nowrap;font-size:13px;margin-bottom:var(--e-form-steps-indicators-spacing)}.e-form__indicators,.e-form__indicators__indicator{display:-webkit-box;display:-ms-flexbox;display:flex;-webkit-box-align:center;-ms-flex-align:center;align-items:center}.e-form__indicators__indicator{-webkit-box-orient:vertical;-webkit-box-direction:normal;-ms-flex-direction:column;flex-direction:column;-webkit-box-pack:center;-ms-flex-pack:center;justify-content:center;-ms-flex-preferred-size:0;flex-basis:0;padding:0 var(--e-form-steps-divider-gap)}.e-form__indicators__indicator__progress{width:100%;position:relative;background-color:var(--e-form-steps-indicator-progress-background-color);border-radius:var(--e-form-steps-indicator-progress-border-radius);overflow:hidden}.e-form__indicators__indicator__progress__meter{width:var(--e-form-steps-indicator-progress-meter-width,0);height:var(--e-form-steps-indicator-progress-height);line-height:var(--e-form-steps-indicator-progress-height);padding-right:15px;border-radius:var(--e-form-steps-indicator-progress-border-radius);background-color:var(--e-form-steps-indicator-progress-color);color:var(--e-form-steps-indicator-progress-meter-color);text-align:right;-webkit-transition:width .1s linear;-o-transition:width .1s linear;transition:width .1s linear}.e-form__indicators__indicator:first-child{padding-left:0}.e-form__indicators__indicator:last-child{padding-right:0}.e-form__indicators__indicator--state-inactive{color:var(--e-form-steps-indicator-inactive-primary-color,#c2cbd2)}.e-form__indicators__indicator--state-inactive [class*=indicator--shape-]:not(.e-form__indicators__indicator--shape-none){background-color:var(--e-form-steps-indicator-inactive-secondary-color,#fff)}.e-form__indicators__indicator--state-inactive object,.e-form__indicators__indicator--state-inactive svg{fill:var(--e-form-steps-indicator-inactive-primary-color,#c2cbd2)}.e-form__indicators__indicator--state-active{color:var(--e-form-steps-indicator-active-primary-color,#39b54a);border-color:var(--e-form-steps-indicator-active-secondary-color,#fff)}.e-form__indicators__indicator--state-active [class*=indicator--shape-]:not(.e-form__indicators__indicator--shape-none){background-color:var(--e-form-steps-indicator-active-secondary-color,#fff)}.e-form__indicators__indicator--state-active object,.e-form__indicators__indicator--state-active svg{fill:var(--e-form-steps-indicator-active-primary-color,#39b54a)}.e-form__indicators__indicator--state-completed{color:var(--e-form-steps-indicator-completed-secondary-color,#fff)}.e-form__indicators__indicator--state-completed [class*=indicator--shape-]:not(.e-form__indicators__indicator--shape-none){background-color:var(--e-form-steps-indicator-completed-primary-color,#39b54a)}.e-form__indicators__indicator--state-completed .e-form__indicators__indicator__label{color:var(--e-form-steps-indicator-completed-primary-color,#39b54a)}.e-form__indicators__indicator--state-completed .e-form__indicators__indicator--shape-none{color:var(--e-form-steps-indicator-completed-primary-color,#39b54a);background-color:initial}.e-form__indicators__indicator--state-completed object,.e-form__indicators__indicator--state-completed svg{fill:var(--e-form-steps-indicator-completed-secondary-color,#fff)}.e-form__indicators__indicator__icon{width:var(--e-form-steps-indicator-padding,30px);height:var(--e-form-steps-indicator-padding,30px);font-size:var(--e-form-steps-indicator-icon-size);border-width:1px;border-style:solid;display:-webkit-box;display:-ms-flexbox;display:flex;-webkit-box-pack:center;-ms-flex-pack:center;justify-content:center;-webkit-box-align:center;-ms-flex-align:center;align-items:center;overflow:hidden;margin-bottom:10px}.e-form__indicators__indicator__icon img,.e-form__indicators__indicator__icon object,.e-form__indicators__indicator__icon svg{width:var(--e-form-steps-indicator-icon-size);height:auto}.e-form__indicators__indicator__icon .e-font-icon-svg{height:1em}.e-form__indicators__indicator__number{width:var(--e-form-steps-indicator-padding,30px);height:var(--e-form-steps-indicator-padding,30px);border-width:1px;border-style:solid;display:-webkit-box;display:-ms-flexbox;display:flex;-webkit-box-pack:center;-ms-flex-pack:center;justify-content:center;-webkit-box-align:center;-ms-flex-align:center;align-items:center;margin-bottom:10px}.e-form__indicators__indicator--shape-circle{border-radius:50%}.e-form__indicators__indicator--shape-square{border-radius:0}.e-form__indicators__indicator--shape-rounded{border-radius:5px}.e-form__indicators__indicator--shape-none{border:0}.e-form__indicators__indicator__label{text-align:center}.e-form__indicators__indicator__separator{width:100%;height:var(--e-form-steps-divider-width);background-color:#c2cbd2}.e-form__indicators--type-icon,.e-form__indicators--type-icon_text,.e-form__indicators--type-number,.e-form__indicators--type-number_text{-webkit-box-align:start;-ms-flex-align:start;align-items:flex-start}.e-form__indicators--type-icon .e-form__indicators__indicator__separator,.e-form__indicators--type-icon_text .e-form__indicators__indicator__separator,.e-form__indicators--type-number .e-form__indicators__indicator__separator,.e-form__indicators--type-number_text .e-form__indicators__indicator__separator{margin-top:calc(var(--e-form-steps-indicator-padding, 30px) \/ 2 - var(--e-form-steps-divider-width, 1px) \/ 2)}.elementor-field-type-hidden{display:none}.elementor-field-type-html{display:inline-block}.elementor-login .elementor-lost-password,.elementor-login .elementor-remember-me{font-size:.85em}.elementor-field-type-recaptcha_v3 .elementor-field-label{display:none}.elementor-field-type-recaptcha_v3 .grecaptcha-badge{z-index:1}.elementor-button .elementor-form-spinner{-webkit-box-ordinal-group:4;-ms-flex-order:3;order:3}.elementor-form .elementor-button>span{display:-webkit-box;display:-ms-flexbox;display:flex;-webkit-box-pack:center;-ms-flex-pack:center;justify-content:center;-webkit-box-align:center;-ms-flex-align:center;align-items:center}.elementor-form .elementor-button .elementor-button-text{white-space:normal;-webkit-box-flex:0;-ms-flex-positive:0;flex-grow:0}.elementor-form .elementor-button svg{height:auto}.elementor-form .elementor-button .e-font-icon-svg{height:1em}<\/style>\t\t<form class=\"elementor-form\" method=\"post\" name=\"New Form\">\n\t\t\t<input type=\"hidden\" name=\"post_id\" value=\"565\"\/>\n\t\t\t<input type=\"hidden\" name=\"form_id\" value=\"2c0c970\"\/>\n\t\t\t<input type=\"hidden\" name=\"referer_title\" value=\"\" \/>\n\n\t\t\t\n\t\t\t<div class=\"elementor-form-fields-wrapper elementor-labels-above\">\n\t\t\t\t\t\t\t\t<div class=\"elementor-field-type-text elementor-field-group elementor-column elementor-field-group-name elementor-col-100\">\n\t\t\t\t\t\t\t\t\t\t\t\t<label for=\"form-field-name\" class=\"elementor-field-label\">\n\t\t\t\t\t\t\t\tNome\t\t\t\t\t\t\t<\/label>\n\t\t\t\t\t\t\t\t\t\t\t\t\t\t<input size=\"1\" type=\"text\" name=\"form_fields[name]\" id=\"form-field-name\" class=\"elementor-field elementor-size-sm  elementor-field-textual\" placeholder=\"Nome\">\n\t\t\t\t\t\t\t\t\t\t\t<\/div>\n\t\t\t\t\t\t\t\t<div class=\"elementor-field-type-email elementor-field-group elementor-column elementor-field-group-field_54ff0c1 elementor-col-100 elementor-field-required\">\n\t\t\t\t\t\t\t\t\t\t\t\t<label for=\"form-field-field_54ff0c1\" class=\"elementor-field-label\">\n\t\t\t\t\t\t\t\tEmail\t\t\t\t\t\t\t<\/label>\n\t\t\t\t\t\t\t\t\t\t\t\t\t\t<input size=\"1\" type=\"email\" name=\"form_fields[field_54ff0c1]\" id=\"form-field-field_54ff0c1\" class=\"elementor-field elementor-size-sm  elementor-field-textual\" placeholder=\"Email\" required=\"required\" aria-required=\"true\">\n\t\t\t\t\t\t\t\t\t\t\t<\/div>\n\t\t\t\t\t\t\t\t<div class=\"elementor-field-type-textarea elementor-field-group elementor-column elementor-field-group-message elementor-col-100\">\n\t\t\t\t\t\t\t\t\t\t\t\t<label for=\"form-field-message\" class=\"elementor-field-label\">\n\t\t\t\t\t\t\t\tMensagem\t\t\t\t\t\t\t<\/label>\n\t\t\t\t\t\t<textarea class=\"elementor-field-textual elementor-field  elementor-size-sm\" name=\"form_fields[message]\" id=\"form-field-message\" rows=\"4\" placeholder=\"Mensagem\"><\/textarea>\t\t\t\t<\/div>\n\t\t\t\t\t\t\t\t<div class=\"elementor-field-group elementor-column elementor-field-type-submit elementor-col-100 e-form__buttons\">\n\t\t\t\t\t<button type=\"submit\" class=\"elementor-button elementor-size-sm\">\n\t\t\t\t\t\t<span >\n\t\t\t\t\t\t\t\t\t\t\t\t\t\t\t<span class=\" elementor-button-icon\">\n\t\t\t\t\t\t\t\t\t\t\t\t\t\t\t\t\t\t\t\t\t\t\t\t\t\t<\/span>\n\t\t\t\t\t\t\t\t\t\t\t\t\t\t\t\t\t\t\t\t\t\t<span class=\"elementor-button-text\">Enviar<\/span>\n\t\t\t\t\t\t\t\t\t\t\t\t\t<\/span>\n\t\t\t\t\t<\/button>\n\t\t\t\t<\/div>\n\t\t\t<\/div>\n\t\t<\/form>\n\t\t\t\t<\/div>\n\t\t\t\t<\/div>\n\t\t\t\t\t<\/div>\n\t\t<\/div>\n\t\t\t\t\t\t\t<\/div>\n\t\t<\/section>\n\t\t\t\t\t\t\t<\/div>\n\t\t","protected":false},"excerpt":{"rendered":"<p>SINTESPAR &#8211; Sindicato dos T\u00e9cnicos de Seguran\u00e7a do Trabalho no Estado do Paran\u00e1.\u00a0 C\u00f3digo Sindical: 005.371.1883.49-1 &#8211;\u00a0CNPJ: 76.085.893\/0001-87 Nosso endere\u00e7o postal Rua:\u00a0 Rio Araguari, n\u00ba 884 |\u00a0Bairro:\u00a0 Bairro Alto | CEP: 82840-200- Curitiba &#8211; Paran\u00e1 &#8211; Brasil. \u00a0(41) 9.9113-2606 Hor\u00e1rio de atendimento: 09:00 \u00e0s 12:00 &#8211; 13:30 \u00e0s 17:00\u00a0 \u00a0 \u00a0 \u00a0 E-mail: sintespar@yahoo.com.br |\u00a0Atendimento<\/p>\n","protected":false},"author":1,"featured_media":0,"parent":0,"menu_order":0,"comment_status":"closed","ping_status":"closed","template":"elementor_theme","meta":{"_joinchat":[]},"_links":{"self":[{"href":"https:\/\/www.sintespar.com.br\/portal\/wp-json\/wp\/v2\/pages\/565"}],"collection":[{"href":"https:\/\/www.sintespar.com.br\/portal\/wp-json\/wp\/v2\/pages"}],"about":[{"href":"https:\/\/www.sintespar.com.br\/portal\/wp-json\/wp\/v2\/types\/page"}],"author":[{"embeddable":true,"href":"https:\/\/www.sintespar.com.br\/portal\/wp-json\/wp\/v2\/users\/1"}],"replies":[{"embeddable":true,"href":"https:\/\/www.sintespar.com.br\/portal\/wp-json\/wp\/v2\/comments?post=565"}],"version-history":[{"count":137,"href":"https:\/\/www.sintespar.com.br\/portal\/wp-json\/wp\/v2\/pages\/565\/revisions"}],"predecessor-version":[{"id":4709,"href":"https:\/\/www.sintespar.com.br\/portal\/wp-json\/wp\/v2\/pages\/565\/revisions\/4709"}],"wp:attachment":[{"href":"https:\/\/www.sintespar.com.br\/portal\/wp-json\/wp\/v2\/media?parent=565"}],"curies":[{"name":"wp","href":"https:\/\/api.w.org\/{rel}","templated":true}]}}