{"id":5680,"date":"2023-02-19T13:17:22","date_gmt":"2023-02-19T16:17:22","guid":{"rendered":"https:\/\/www.sintespar.com.br\/portal\/?page_id=5680"},"modified":"2023-02-19T13:43:56","modified_gmt":"2023-02-19T16:43:56","slug":"normas-regulamentadoras","status":"publish","type":"page","link":"https:\/\/www.sintespar.com.br\/portal\/normas-regulamentadoras\/","title":{"rendered":"Normas Regulamentadoras"},"content":{"rendered":"\t\t<div data-elementor-type=\"wp-page\" data-elementor-id=\"5680\" class=\"elementor elementor-5680\">\n\t\t\t\t\t\t\t\t\t<section class=\"has-el-gap el-gap-default elementor-section elementor-top-section elementor-element elementor-element-cf1eb8c elementor-section-boxed elementor-section-height-default elementor-section-height-default\" data-id=\"cf1eb8c\" data-element_type=\"section\">\n\t\t\t\t\t\t<div class=\"elementor-container elementor-column-gap-no\">\n\t\t\t\t\t<div class=\"elementor-column elementor-col-100 elementor-top-column elementor-element elementor-element-ffe14bb\" data-id=\"ffe14bb\" data-element_type=\"column\">\n\t\t\t<div class=\"elementor-widget-wrap elementor-element-populated\">\n\t\t\t\t\t\t\t\t<div class=\"elementor-element elementor-element-91ef22c elementor-invisible elementor-widget elementor-widget-image\" data-id=\"91ef22c\" data-element_type=\"widget\" data-settings=\"{&quot;_animation&quot;:&quot;rotateInDownLeft&quot;}\" data-widget_type=\"image.default\">\n\t\t\t\t<div class=\"elementor-widget-container\">\n\t\t\t<style>\/*! elementor - v3.8.1 - 13-11-2022 *\/\n.elementor-widget-image{text-align:center}.elementor-widget-image a{display:inline-block}.elementor-widget-image a img[src$=\".svg\"]{width:48px}.elementor-widget-image img{vertical-align:middle;display:inline-block}<\/style>\t\t\t\t\t\t\t\t\t<figure class=\"wp-caption\">\n\t\t\t\t\t\t\t\t\t\t<img decoding=\"async\" width=\"788\" height=\"295\" src=\"https:\/\/www.sintespar.com.br\/portal\/wp-content\/uploads\/2023\/02\/Normas-Regulamentadoras.jpg\" class=\"attachment-large size-large\" alt=\"\" loading=\"lazy\" srcset=\"https:\/\/www.sintespar.com.br\/portal\/wp-content\/uploads\/2023\/02\/Normas-Regulamentadoras.jpg 798w, https:\/\/www.sintespar.com.br\/portal\/wp-content\/uploads\/2023\/02\/Normas-Regulamentadoras-300x112.jpg 300w, https:\/\/www.sintespar.com.br\/portal\/wp-content\/uploads\/2023\/02\/Normas-Regulamentadoras-768x288.jpg 768w, https:\/\/www.sintespar.com.br\/portal\/wp-content\/uploads\/2023\/02\/Normas-Regulamentadoras-150x56.jpg 150w, https:\/\/www.sintespar.com.br\/portal\/wp-content\/uploads\/2023\/02\/Normas-Regulamentadoras-450x169.jpg 450w, https:\/\/www.sintespar.com.br\/portal\/wp-content\/uploads\/2023\/02\/Normas-Regulamentadoras-600x225.jpg 600w\" sizes=\"(max-width: 788px) 100vw, 788px\" \/>\t\t\t\t\t\t\t\t\t\t\t<figcaption class=\"widget-image-caption wp-caption-text\"><\/figcaption>\n\t\t\t\t\t\t\t\t\t\t<\/figure>\n\t\t\t\t\t\t\t\t\t<\/div>\n\t\t\t\t<\/div>\n\t\t\t\t\t<\/div>\n\t\t<\/div>\n\t\t\t\t\t\t\t<\/div>\n\t\t<\/section>\n\t\t\t\t<section class=\"has-el-gap el-gap-default elementor-section elementor-top-section elementor-element elementor-element-8478a7a elementor-section-boxed elementor-section-height-default elementor-section-height-default\" data-id=\"8478a7a\" data-element_type=\"section\">\n\t\t\t\t\t\t<div class=\"elementor-container elementor-column-gap-no\">\n\t\t\t\t\t<div class=\"elementor-column elementor-col-100 elementor-top-column elementor-element elementor-element-c01f1fe\" data-id=\"c01f1fe\" data-element_type=\"column\">\n\t\t\t<div class=\"elementor-widget-wrap elementor-element-populated\">\n\t\t\t\t\t\t\t\t<div class=\"elementor-element elementor-element-182a2dc elementor-widget elementor-widget-text-editor\" data-id=\"182a2dc\" data-element_type=\"widget\" data-widget_type=\"text-editor.default\">\n\t\t\t\t<div class=\"elementor-widget-container\">\n\t\t\t<style>\/*! elementor - v3.8.1 - 13-11-2022 *\/\n.elementor-widget-text-editor.elementor-drop-cap-view-stacked .elementor-drop-cap{background-color:#818a91;color:#fff}.elementor-widget-text-editor.elementor-drop-cap-view-framed .elementor-drop-cap{color:#818a91;border:3px solid;background-color:transparent}.elementor-widget-text-editor:not(.elementor-drop-cap-view-default) .elementor-drop-cap{margin-top:8px}.elementor-widget-text-editor:not(.elementor-drop-cap-view-default) .elementor-drop-cap-letter{width:1em;height:1em}.elementor-widget-text-editor .elementor-drop-cap{float:left;text-align:center;line-height:1;font-size:50px}.elementor-widget-text-editor .elementor-drop-cap-letter{display:inline-block}<\/style>\t\t\t\t<ul><li><strong><a href=\"https:\/\/www.gov.br\/trabalho-e-previdencia\/pt-br\/composicao\/orgaos-especificos\/secretaria-de-trabalho\/inspecao\/seguranca-e-saude-no-trabalho\/ctpp-nrs\/nr-1\" target=\"_blank\" rel=\"noopener\">NR-1 \u2013 DISPOSI\u00c7\u00d5ES GERAIS<\/a><\/strong><\/li><li><strong><a href=\"https:\/\/www.gov.br\/trabalho-e-previdencia\/pt-br\/composicao\/orgaos-especificos\/secretaria-de-trabalho\/inspecao\/seguranca-e-saude-no-trabalho\/ctpp-nrs\/norma-regulamentadora-no-2-nr-2\" target=\"_blank\" rel=\"noopener\">NR-2 \u2013 INSPE\u00c7\u00c3O PR\u00c9VIA (REVOGADA)<\/a><\/strong><\/li><li><strong><a href=\"https:\/\/www.gov.br\/trabalho-e-previdencia\/pt-br\/composicao\/orgaos-especificos\/secretaria-de-trabalho\/inspecao\/seguranca-e-saude-no-trabalho\/ctpp-nrs\/norma-regulamentadora-no-3-nr-3\">NR-3 \u2013 EMBARGO OU INTERDI\u00c7\u00c3O<\/a><\/strong><\/li><li><strong><a href=\"https:\/\/www.gov.br\/trabalho-e-previdencia\/pt-br\/composicao\/orgaos-especificos\/secretaria-de-trabalho\/inspecao\/seguranca-e-saude-no-trabalho\/ctpp-nrs\/norma-regulamentadora-no-4-nr-4\" target=\"_blank\" rel=\"noopener\">NR-4 \u2013 SERVI\u00c7OS ESPECIALIZADOS EM ENGENHARIA DE SEGURAN\u00c7A E EM MEDICINA DO TRABALHO<\/a><\/strong><\/li><li><strong><a href=\"https:\/\/www.gov.br\/trabalho-e-previdencia\/pt-br\/composicao\/orgaos-especificos\/secretaria-de-trabalho\/inspecao\/seguranca-e-saude-no-trabalho\/ctpp-nrs\/norma-regulamentadora-no-5-nr-5\" target=\"_blank\" rel=\"noopener\">NR-5 \u2013 COMISS\u00c3O INTERNA DE PREVEN\u00c7\u00c3O DE ACIDENTES<\/a><\/strong><\/li><li><strong><a href=\"https:\/\/www.gov.br\/trabalho-e-previdencia\/pt-br\/composicao\/orgaos-especificos\/secretaria-de-trabalho\/inspecao\/seguranca-e-saude-no-trabalho\/ctpp-nrs\/norma-regulamentadora-no-6-nr-6\" target=\"_blank\" rel=\"noopener\">NR-6 \u2013 EQUIPAMENTO DE PROTE\u00c7\u00c3O INDIVIDUAL \u2013 EPI<\/a><\/strong><\/li><li><strong><a href=\"https:\/\/www.gov.br\/trabalho-e-previdencia\/pt-br\/composicao\/orgaos-especificos\/secretaria-de-trabalho\/inspecao\/seguranca-e-saude-no-trabalho\/ctpp-nrs\/norma-regulamentadora-no-7-nr-7\" target=\"_blank\" rel=\"noopener\">NR-7 \u2013 PROGRAMA DE CONTROLE M\u00c9DICO DE SA\u00daDE OCUPACIONAL<\/a><\/strong><\/li><li><strong><a href=\"https:\/\/www.gov.br\/trabalho-e-previdencia\/pt-br\/composicao\/orgaos-especificos\/secretaria-de-trabalho\/inspecao\/seguranca-e-saude-no-trabalho\/ctpp-nrs\/norma-regulamentadora-no-8-nr-8\" target=\"_blank\" rel=\"noopener\">NR-8 \u2013 EDIFICA\u00c7\u00d5ES<\/a><\/strong><\/li><li><strong><a href=\"https:\/\/www.gov.br\/trabalho-e-previdencia\/pt-br\/composicao\/orgaos-especificos\/secretaria-de-trabalho\/inspecao\/seguranca-e-saude-no-trabalho\/ctpp-nrs\/norma-regulamentadora-no-9-nr-9\" target=\"_blank\" rel=\"noopener\">NR-9 \u2013 PROGRAMA DE PREVEN\u00c7\u00c3O DE RISCOS AMBIENTAIS<\/a><\/strong><\/li><li><strong><a href=\"https:\/\/www.gov.br\/trabalho-e-previdencia\/pt-br\/composicao\/orgaos-especificos\/secretaria-de-trabalho\/inspecao\/seguranca-e-saude-no-trabalho\/ctpp-nrs\/norma-regulamentadora-no-10-nr-10\" target=\"_blank\" rel=\"noopener\">NR-10 \u2013 SEGURAN\u00c7A EM INSTALA\u00c7\u00d5ES E SERVI\u00c7OS EM ELETRICIDADE<\/a><\/strong><\/li><li><strong><a href=\"https:\/\/www.gov.br\/trabalho-e-previdencia\/pt-br\/composicao\/orgaos-especificos\/secretaria-de-trabalho\/inspecao\/seguranca-e-saude-no-trabalho\/ctpp-nrs\/norma-regulamentadora-no-11-nr-11\" target=\"_blank\" rel=\"noopener\">NR-11 \u2013 TRANSPORTE, MOVIMENTA\u00c7\u00c3O, ARMAZENAGEM E MANUSEIO DE MATERIAIS<\/a><\/strong><\/li><li><strong><a href=\"https:\/\/www.gov.br\/trabalho-e-previdencia\/pt-br\/composicao\/orgaos-especificos\/secretaria-de-trabalho\/inspecao\/seguranca-e-saude-no-trabalho\/normas-regulamentadoras\/nr-12-atualizada-2021.pdf\" target=\"_blank\" rel=\"noopener\">NR-12 \u2013 SEGURAN\u00c7A NO TRABALHO EM M\u00c1QUINAS E EQUIPAMENTOS<\/a><\/strong><\/li><li><strong><a href=\"https:\/\/www.gov.br\/trabalho-e-previdencia\/pt-br\/composicao\/orgaos-especificos\/secretaria-de-trabalho\/inspecao\/seguranca-e-saude-no-trabalho\/ctpp-nrs\/norma-regulamentadora-no-13-nr-13\" target=\"_blank\" rel=\"noopener\">NR-13 \u2013 CALDEIRAS, VASOS DE PRESS\u00c3O E TUBULA\u00c7\u00d5ES E TANQUES MET\u00c1LICOS DE ARMAZENAMENTO<\/a><\/strong><\/li><li><strong><a href=\"https:\/\/www.gov.br\/trabalho-e-previdencia\/pt-br\/composicao\/orgaos-especificos\/secretaria-de-trabalho\/inspecao\/seguranca-e-saude-no-trabalho\/ctpp-nrs\/norma-regulamentadora-no-14-nr-14\" target=\"_blank\" rel=\"noopener\">NR-14 \u2013 FORNOS<\/a><\/strong><\/li><li><strong><a href=\"https:\/\/www.gov.br\/trabalho-e-previdencia\/pt-br\/composicao\/orgaos-especificos\/secretaria-de-trabalho\/inspecao\/seguranca-e-saude-no-trabalho\/ctpp-nrs\/norma-regulamentadora-no-15-nr-15\" target=\"_blank\" rel=\"noopener\">NR-15 \u2013 ATIVIDADES E OPERA\u00c7\u00d5ES INSALUBRES<\/a><\/strong><\/li><li><strong><a href=\"https:\/\/www.gov.br\/trabalho-e-previdencia\/pt-br\/composicao\/orgaos-especificos\/secretaria-de-trabalho\/inspecao\/seguranca-e-saude-no-trabalho\/ctpp-nrs\/norma-regulamentadora-no-16-nr-16\" target=\"_blank\" rel=\"noopener\">NR-16 \u2013 ATIVIDADES E OPERA\u00c7\u00d5ES PERIGOSAS<\/a><\/strong><\/li><li><strong><a href=\"https:\/\/www.gov.br\/trabalho-e-previdencia\/pt-br\/composicao\/orgaos-especificos\/secretaria-de-trabalho\/inspecao\/seguranca-e-saude-no-trabalho\/ctpp-nrs\/norma-regulamentadora-no-17-nr-17\" target=\"_blank\" rel=\"noopener\">NR-17 \u2013 ERGONOMIA<\/a><\/strong><\/li><li><strong><a href=\"https:\/\/www.gov.br\/trabalho-e-previdencia\/pt-br\/composicao\/orgaos-especificos\/secretaria-de-trabalho\/inspecao\/seguranca-e-saude-no-trabalho\/ctpp-nrs\/norma-regulamentadora-no-18-nr-18\" target=\"_blank\" rel=\"noopener\">NR-18 \u2013 CONDI\u00c7\u00d5ES E MEIO AMBIENTE DE TRABALHO NA IND\u00daSTRIA DA CONSTRU\u00c7\u00c3O<\/a><\/strong><\/li><li><strong><a href=\"https:\/\/www.gov.br\/trabalho-e-previdencia\/pt-br\/composicao\/orgaos-especificos\/secretaria-de-trabalho\/inspecao\/seguranca-e-saude-no-trabalho\/ctpp-nrs\/norma-regulamentadora-no-19-nr-19\" target=\"_blank\" rel=\"noopener\">NR-19 \u2013 EXPLOSIVOS<\/a><\/strong><\/li><li><strong><a href=\"https:\/\/www.gov.br\/trabalho-e-previdencia\/pt-br\/composicao\/orgaos-especificos\/secretaria-de-trabalho\/inspecao\/seguranca-e-saude-no-trabalho\/ctpp-nrs\/norma-regulamentadora-no-20-nr-20\" target=\"_blank\" rel=\"noopener\">NR-20 \u2013 SEGURAN\u00c7A E SA\u00daDE NO TRABALHO COM INFLAM\u00c1VEIS E COMBUST\u00cdVEIS<\/a><\/strong><\/li><li><strong><a href=\"https:\/\/www.gov.br\/trabalho-e-previdencia\/pt-br\/composicao\/orgaos-especificos\/secretaria-de-trabalho\/inspecao\/seguranca-e-saude-no-trabalho\/ctpp-nrs\/norma-regulamentadora-no-21-nr-21\" target=\"_blank\" rel=\"noopener\">NR-21 \u2013 TRABALHOS A C\u00c9U ABERTO<\/a><\/strong><\/li><li><strong><a href=\"https:\/\/www.gov.br\/trabalho-e-previdencia\/pt-br\/composicao\/orgaos-especificos\/secretaria-de-trabalho\/inspecao\/seguranca-e-saude-no-trabalho\/ctpp-nrs\/norma-regulamentadora-no-22-nr-22\" target=\"_blank\" rel=\"noopener\">NR-22 \u2013 SEGURAN\u00c7A E SA\u00daDE OCUPACIONAL NA MINERA\u00c7\u00c3O<\/a><\/strong><\/li><li><strong><a href=\"https:\/\/www.gov.br\/trabalho-e-previdencia\/pt-br\/composicao\/orgaos-especificos\/secretaria-de-trabalho\/inspecao\/seguranca-e-saude-no-trabalho\/ctpp-nrs\/norma-regulamentadora-no-23-nr-23\" target=\"_blank\" rel=\"noopener\">NR-23 \u2013 PROTE\u00c7\u00c3O CONTRA INC\u00caNDIOS<\/a><\/strong><\/li><li><strong><a href=\"https:\/\/www.gov.br\/trabalho-e-previdencia\/pt-br\/composicao\/orgaos-especificos\/secretaria-de-trabalho\/inspecao\/seguranca-e-saude-no-trabalho\/ctpp-nrs\/norma-regulamentadora-no-24-nr-24\" target=\"_blank\" rel=\"noopener\">NR-24 \u2013 CONDI\u00c7\u00d5ES SANIT\u00c1RIAS E DE CONFORTO NOS LOCAIS DE TRABALHO<\/a><\/strong><\/li><li><strong><a href=\"https:\/\/www.gov.br\/trabalho-e-previdencia\/pt-br\/composicao\/orgaos-especificos\/secretaria-de-trabalho\/inspecao\/seguranca-e-saude-no-trabalho\/ctpp-nrs\/norma-regulamentadora-no-25-nr-25\" target=\"_blank\" rel=\"noopener\">NR-25 \u2013 RES\u00cdDUOS INDUSTRIAIS<\/a><\/strong><\/li><li><strong><a href=\"https:\/\/www.gov.br\/trabalho-e-previdencia\/pt-br\/composicao\/orgaos-especificos\/secretaria-de-trabalho\/inspecao\/seguranca-e-saude-no-trabalho\/ctpp-nrs\/norma-regulamentadora-no-26-nr-26\" target=\"_blank\" rel=\"noopener\">NR-26 \u2013 SINALIZA\u00c7\u00c3O DE SEGURAN\u00c7A<\/a><\/strong><\/li><li><strong><a href=\"https:\/\/www.gov.br\/trabalho-e-previdencia\/pt-br\/composicao\/orgaos-especificos\/secretaria-de-trabalho\/inspecao\/seguranca-e-saude-no-trabalho\/ctpp-nrs\/norma-regulamentadora-no-27-nr-27\" target=\"_blank\" rel=\"noopener\">NR-27 \u2013 REGISTRO PROFISSIONAL DO T\u00c9CNICO DE SEGURAN\u00c7A DO TRABALHO (REVOGADA)<\/a><\/strong><\/li><li><strong><a href=\"https:\/\/www.gov.br\/trabalho-e-previdencia\/pt-br\/composicao\/orgaos-especificos\/secretaria-de-trabalho\/inspecao\/seguranca-e-saude-no-trabalho\/ctpp-nrs\/norma-regulamentadora-no-28-nr-28\" target=\"_blank\" rel=\"noopener\">NR-28 \u2013 FISCALIZA\u00c7\u00c3O E PENALIDADES<\/a><\/strong><\/li><li><strong><a href=\"https:\/\/www.gov.br\/trabalho-e-previdencia\/pt-br\/composicao\/orgaos-especificos\/secretaria-de-trabalho\/inspecao\/seguranca-e-saude-no-trabalho\/ctpp-nrs\/norma-regulamentadora-no-29-nr-29\" target=\"_blank\" rel=\"noopener\">NR-29 \u2013 NORMA REGULAMENTADORA DE SEGURAN\u00c7A E SA\u00daDE NO TRABALHO PORTU\u00c1RIO<\/a><\/strong><\/li><li><strong><a href=\"https:\/\/www.gov.br\/trabalho-e-previdencia\/pt-br\/composicao\/orgaos-especificos\/secretaria-de-trabalho\/inspecao\/seguranca-e-saude-no-trabalho\/ctpp-nrs\/norma-regulamentadora-no-30-nr-30\" target=\"_blank\" rel=\"noopener\">NR-30 \u2013 SEGURAN\u00c7A E SA\u00daDE NO TRABALHO AQUAVI\u00c1RIO<\/a><\/strong><\/li><li><strong><a href=\"https:\/\/www.gov.br\/trabalho-e-previdencia\/pt-br\/composicao\/orgaos-especificos\/secretaria-de-trabalho\/inspecao\/seguranca-e-saude-no-trabalho\/ctpp-nrs\/norma-regulamentadora-no-31-nr-31\" target=\"_blank\" rel=\"noopener\">NR-31 \u2013 SEGURAN\u00c7A E SA\u00daDE NO TRABALHO NA AGRICULTURA, PECU\u00c1RIA SILVICULTURA, EXPLORA\u00c7\u00c3O FLORESTAL E AQUICULTURA<\/a><\/strong><\/li><li><strong><a href=\"https:\/\/www.gov.br\/trabalho-e-previdencia\/pt-br\/composicao\/orgaos-especificos\/secretaria-de-trabalho\/inspecao\/seguranca-e-saude-no-trabalho\/ctpp-nrs\/norma-regulamentadora-no-32-nr-32\" target=\"_blank\" rel=\"noopener\">NR-32 \u2013 SEGURAN\u00c7A E SA\u00daDE NO TRABALHO EM SERVI\u00c7OS DE SA\u00daDE<\/a><\/strong><\/li><li><strong><a href=\"https:\/\/www.gov.br\/trabalho-e-previdencia\/pt-br\/composicao\/orgaos-especificos\/secretaria-de-trabalho\/inspecao\/seguranca-e-saude-no-trabalho\/ctpp-nrs\/norma-regulamentadora-no-33-nr-33\" target=\"_blank\" rel=\"noopener\">NR-33 \u2013 SEGURAN\u00c7A E SA\u00daDE NOS TRABALHOS EM ESPA\u00c7OS CONFINADOS<\/a><\/strong><\/li><li><strong><a href=\"https:\/\/www.gov.br\/trabalho-e-previdencia\/pt-br\/composicao\/orgaos-especificos\/secretaria-de-trabalho\/inspecao\/seguranca-e-saude-no-trabalho\/ctpp-nrs\/norma-regulamentadora-no-34-nr-34\" target=\"_blank\" rel=\"noopener\">NR-34 \u2013 CONDI\u00c7\u00d5ES E MEIO AMBIENTE DE TRABALHO NA IND\u00daSTRIA DA CONSTRU\u00c7\u00c3O, REPARA\u00c7\u00c3O E DESMONTE NAVAL<\/a><\/strong><\/li><li><strong><a href=\"https:\/\/www.gov.br\/trabalho-e-previdencia\/pt-br\/composicao\/orgaos-especificos\/secretaria-de-trabalho\/inspecao\/seguranca-e-saude-no-trabalho\/ctpp-nrs\/norma-regulamentadora-no-35-nr-35\" target=\"_blank\" rel=\"noopener\">NR-35 \u2013 TRABALHO EM ALTURA<\/a><\/strong><\/li><li><strong><a href=\"https:\/\/www.gov.br\/trabalho-e-previdencia\/pt-br\/composicao\/orgaos-especificos\/secretaria-de-trabalho\/inspecao\/seguranca-e-saude-no-trabalho\/ctpp-nrs\/norma-regulamentadora-no-36-nr-36\" target=\"_blank\" rel=\"noopener\">NR-36 \u2013 SEGURAN\u00c7A E SA\u00daDE NO TRABALHO EM EMPRESAS DE ABATE E PROCESSAMENTO DE CARNES E DERIVADOS<\/a><\/strong><\/li><li><strong><a href=\"https:\/\/www.gov.br\/trabalho-e-previdencia\/pt-br\/composicao\/orgaos-especificos\/secretaria-de-trabalho\/inspecao\/seguranca-e-saude-no-trabalho\/ctpp-nrs\/norma-regulamentadora-no-37-nr-37\" target=\"_blank\" rel=\"noopener\">NR-37 \u2013 SEGURAN\u00c7A E SA\u00daDE EM PLATAFORMAS DE PETR\u00d3LEO<\/a><\/strong><\/li><\/ul>\t\t\t\t\t\t<\/div>\n\t\t\t\t<\/div>\n\t\t\t\t\t<\/div>\n\t\t<\/div>\n\t\t\t\t\t\t\t<\/div>\n\t\t<\/section>\n\t\t\t\t\t\t\t<\/div>\n\t\t","protected":false},"excerpt":{"rendered":"<p>NR-1 \u2013 DISPOSI\u00c7\u00d5ES GERAIS NR-2 \u2013 INSPE\u00c7\u00c3O PR\u00c9VIA (REVOGADA) NR-3 \u2013 EMBARGO OU INTERDI\u00c7\u00c3O NR-4 \u2013 SERVI\u00c7OS ESPECIALIZADOS EM ENGENHARIA DE SEGURAN\u00c7A E EM MEDICINA DO TRABALHO NR-5 \u2013 COMISS\u00c3O INTERNA DE PREVEN\u00c7\u00c3O DE ACIDENTES NR-6 \u2013 EQUIPAMENTO DE PROTE\u00c7\u00c3O INDIVIDUAL \u2013 EPI NR-7 \u2013 PROGRAMA DE CONTROLE M\u00c9DICO DE SA\u00daDE OCUPACIONAL NR-8 \u2013 EDIFICA\u00c7\u00d5ES<\/p>\n","protected":false},"author":1,"featured_media":0,"parent":0,"menu_order":0,"comment_status":"closed","ping_status":"closed","template":"page-templates\/authors.php","meta":{"_joinchat":[]},"_links":{"self":[{"href":"https:\/\/www.sintespar.com.br\/portal\/wp-json\/wp\/v2\/pages\/5680"}],"collection":[{"href":"https:\/\/www.sintespar.com.br\/portal\/wp-json\/wp\/v2\/pages"}],"about":[{"href":"https:\/\/www.sintespar.com.br\/portal\/wp-json\/wp\/v2\/types\/page"}],"author":[{"embeddable":true,"href":"https:\/\/www.sintespar.com.br\/portal\/wp-json\/wp\/v2\/users\/1"}],"replies":[{"embeddable":true,"href":"https:\/\/www.sintespar.com.br\/portal\/wp-json\/wp\/v2\/comments?post=5680"}],"version-history":[{"count":15,"href":"https:\/\/www.sintespar.com.br\/portal\/wp-json\/wp\/v2\/pages\/5680\/revisions"}],"predecessor-version":[{"id":5699,"href":"https:\/\/www.sintespar.com.br\/portal\/wp-json\/wp\/v2\/pages\/5680\/revisions\/5699"}],"wp:attachment":[{"href":"https:\/\/www.sintespar.com.br\/portal\/wp-json\/wp\/v2\/media?parent=5680"}],"curies":[{"name":"wp","href":"https:\/\/api.w.org\/{rel}","templated":true}]}}