{"id":571,"date":"2021-01-17T11:58:11","date_gmt":"2021-01-17T14:58:11","guid":{"rendered":"https:\/\/smartmag.theme-sphere.com\/good-news\/our-authors\/"},"modified":"2024-07-09T22:29:01","modified_gmt":"2024-07-10T01:29:01","slug":"sobre","status":"publish","type":"page","link":"https:\/\/www.sintespar.com.br\/portal\/denuncia-sintespar\/sobre\/","title":{"rendered":"Sobre N\u00f3s"},"content":{"rendered":"\t\t<div data-elementor-type=\"wp-page\" data-elementor-id=\"571\" class=\"elementor elementor-571\">\n\t\t\t\t\t\t\t\t\t<section class=\"elementor-section elementor-top-section elementor-element elementor-element-5c235bf elementor-section-boxed elementor-section-height-default elementor-section-height-default\" data-id=\"5c235bf\" data-element_type=\"section\">\n\t\t\t\t\t\t<div class=\"elementor-container elementor-column-gap-default\">\n\t\t\t\t\t<div class=\"elementor-column elementor-col-100 elementor-top-column elementor-element elementor-element-160ecd82\" data-id=\"160ecd82\" data-element_type=\"column\">\n\t\t\t<div class=\"elementor-widget-wrap elementor-element-populated\">\n\t\t\t\t\t\t\t\t<div class=\"elementor-element elementor-element-0e8a2ef elementor-widget elementor-widget-image\" data-id=\"0e8a2ef\" data-element_type=\"widget\" data-widget_type=\"image.default\">\n\t\t\t\t<div class=\"elementor-widget-container\">\n\t\t\t<style>\/*! elementor - v3.8.1 - 13-11-2022 *\/\n.elementor-widget-image{text-align:center}.elementor-widget-image a{display:inline-block}.elementor-widget-image a img[src$=\".svg\"]{width:48px}.elementor-widget-image img{vertical-align:middle;display:inline-block}<\/style>\t\t\t\t\t\t\t\t\t\t\t\t<img decoding=\"async\" width=\"788\" height=\"159\" src=\"https:\/\/www.sintespar.com.br\/portal\/wp-content\/uploads\/2023\/02\/IMG-20230212-WA0005-1-1024x206.jpg\" class=\"attachment-large size-large\" alt=\"\" loading=\"lazy\" srcset=\"https:\/\/www.sintespar.com.br\/portal\/wp-content\/uploads\/2023\/02\/IMG-20230212-WA0005-1-1024x206.jpg 1024w, https:\/\/www.sintespar.com.br\/portal\/wp-content\/uploads\/2023\/02\/IMG-20230212-WA0005-1-600x120.jpg 600w, https:\/\/www.sintespar.com.br\/portal\/wp-content\/uploads\/2023\/02\/IMG-20230212-WA0005-1-300x60.jpg 300w, https:\/\/www.sintespar.com.br\/portal\/wp-content\/uploads\/2023\/02\/IMG-20230212-WA0005-1-768x154.jpg 768w, https:\/\/www.sintespar.com.br\/portal\/wp-content\/uploads\/2023\/02\/IMG-20230212-WA0005-1-150x30.jpg 150w, https:\/\/www.sintespar.com.br\/portal\/wp-content\/uploads\/2023\/02\/IMG-20230212-WA0005-1-450x90.jpg 450w, https:\/\/www.sintespar.com.br\/portal\/wp-content\/uploads\/2023\/02\/IMG-20230212-WA0005-1-1200x241.jpg 1200w, https:\/\/www.sintespar.com.br\/portal\/wp-content\/uploads\/2023\/02\/IMG-20230212-WA0005-1.jpg 1280w\" sizes=\"(max-width: 788px) 100vw, 788px\" \/>\t\t\t\t\t\t\t\t\t\t\t\t\t\t\t<\/div>\n\t\t\t\t<\/div>\n\t\t\t\t<div class=\"elementor-element elementor-element-56bee59b elementor-drop-cap-yes elementor-drop-cap-view-default elementor-widget elementor-widget-text-editor\" data-id=\"56bee59b\" data-element_type=\"widget\" data-settings=\"{&quot;drop_cap&quot;:&quot;yes&quot;}\" data-widget_type=\"text-editor.default\">\n\t\t\t\t<div class=\"elementor-widget-container\">\n\t\t\t<style>\/*! elementor - v3.8.1 - 13-11-2022 *\/\n.elementor-widget-text-editor.elementor-drop-cap-view-stacked .elementor-drop-cap{background-color:#818a91;color:#fff}.elementor-widget-text-editor.elementor-drop-cap-view-framed .elementor-drop-cap{color:#818a91;border:3px solid;background-color:transparent}.elementor-widget-text-editor:not(.elementor-drop-cap-view-default) .elementor-drop-cap{margin-top:8px}.elementor-widget-text-editor:not(.elementor-drop-cap-view-default) .elementor-drop-cap-letter{width:1em;height:1em}.elementor-widget-text-editor .elementor-drop-cap{float:left;text-align:center;line-height:1;font-size:50px}.elementor-widget-text-editor .elementor-drop-cap-letter{display:inline-block}<\/style>\t\t\t\t<h5 style=\"text-align: left;\"><span style=\"color: #003300;\">SINDICATO DOS T\u00c9CNICOS DE SEGURAN\u00c7A DO TRABALHO NO ESTADO DO PARAN\u00c1\u00a0<\/span><\/h5><p><span style=\"color: #000000;\">Reconhecido pelo Minist\u00e9rio do Trabalho em 30\/09\/88 <\/span><br \/><span style=\"color: #000000;\">T\u00e9cnico de Seguran\u00e7a do Trabalho &#8211; Profiss\u00e3o Regulamentada<\/span><\/p><p><span style=\"background-color: #ffffff; font-family: 'Public Sans', system-ui, sans-serif; font-size: 16.604px; font-weight: var(--title-fw-bold);\">Lei 7.410 de 27\/11\/85 e Regulamentado pelo Decreto 92.530<\/span><\/p><p>O Sindicato dos T\u00e9cnicos de Seguran\u00e7a do Trabalho no Estado do Paran\u00e1 (<strong>SINTESPAR<\/strong>), com sede e foro na cidade de Curitiba, Estado do Paran\u00e1, \u00e9 constitu\u00eddo para fins de estudo, coordena\u00e7\u00e3o, prote\u00e7\u00e3o e representa\u00e7\u00e3o legal da categoria dos T\u00e9cnicos de Seguran\u00e7a do Trabalho, na base territorial do Estado do Paran\u00e1. Fundado com o intuito de colaborar como \u00f3rg\u00e3o consultivo dos poderes p\u00fablicos e demais institui\u00e7\u00f5es no sentido da solidariedade social, sua dura\u00e7\u00e3o \u00e9 por prazo indeterminado.<\/p><p>Os T\u00e9cnicos mencionados neste artigo incluem: os antigos Inspetores de Seguran\u00e7a do Trabalho, Supervisores de Seguran\u00e7a e Higiene do Trabalho, e os T\u00e9cnicos de Seguran\u00e7a do Trabalho, conforme a Lei 7.410 de 25\/11\/85 e o Decreto-Lei 92.530 de 09\/04\/86, inclusive aqueles que exerceram atividades de ensino no campo da Seguran\u00e7a do Trabalho e que satisfa\u00e7am as Leis Supra. A representa\u00e7\u00e3o da categoria profissional abrange n\u00e3o apenas os t\u00e9cnicos contratados por empresas com atividade econ\u00f4mica relacionada no ART. 1\u00ba, mas tamb\u00e9m os empregados em empresas coligadas, pertencentes ao mesmo grupo econ\u00f4mico e em empresas com atividades econ\u00f4micas correlatas, terceirizadas e quarteirizadas.<\/p><p>Em outubro de 1981, realizamos a primeira reuni\u00e3o para a cria\u00e7\u00e3o da ent\u00e3o Associa\u00e7\u00e3o Profissional dos Supervisores de Seguran\u00e7a do Trabalho no Estado do Paran\u00e1. O grande m\u00e9rito desta iniciativa foi do companheiro Elias Martins, que atuava na \u00e9poca no Setor de Seguran\u00e7a do Trabalho da DRT (Delegacia Regional do Minist\u00e9rio do Trabalho). Naquela \u00e9poca, a principal dificuldade era que funcion\u00e1rios p\u00fablicos n\u00e3o podiam participar de organiza\u00e7\u00f5es classistas. Elias, que hoje \u00e9 Auditor Fiscal do Minist\u00e9rio do Trabalho em Curitiba, teve um papel fundamental. Outras pessoas tamb\u00e9m foram importantes neste in\u00edcio, como Feliciano Moreira, Ari Luis Antunes, Isaias do Carmo, Elias de Oliveira, Walter C\u00e9sar dos Santos, Airton Nardelli e Adir de Souza.<\/p><p>Somos um sindicato de profissionais t\u00e9cnicos com profiss\u00e3o regulamentada pela Lei 7.410\/85. Representamos a categoria devido \u00e0 nossa forma\u00e7\u00e3o diferenciada, reunindo todos os T\u00e9cnicos de Seguran\u00e7a do Trabalho no Estado do Paran\u00e1, independentemente do setor de atividade econ\u00f4mica em que a empresa esteja situada. O crit\u00e9rio de agrupamento \u00e9 a profiss\u00e3o, independentemente da categoria onde \u00e9 exercida. Portanto, o T\u00e9cnico de Seguran\u00e7a do Trabalho faz parte da compet\u00eancia do SINTESPAR.<\/p><p>Os respons\u00e1veis pelos recursos humanos das empresas e os pr\u00f3prios T\u00e9cnicos de Seguran\u00e7a muitas vezes desconhecem o aspecto legal de nossa profiss\u00e3o, que \u00e9 diferenciada por n\u00e3o termos um correlato econ\u00f4mico. Isso resulta em contribui\u00e7\u00f5es sindicais recolhidas erroneamente para categorias preponderantes. Outra dificuldade que enfrentamos s\u00e3o as conven\u00e7\u00f5es coletivas de trabalho. Para garantir nossos direitos, temos v\u00e1rias conven\u00e7\u00f5es assinadas e registradas no Minist\u00e9rio do Trabalho, pois, como categoria diferenciada, precisamos fechar acordos com todos os sindicatos patronais. Apesar disso, o valor do piso salarial \u00e9 \u00fanico para todos os <strong>T\u00e9cnicos de Seguran\u00e7a do Trabalho<\/strong>, garantindo reajustes anuais.<\/p>\t\t\t\t\t\t<\/div>\n\t\t\t\t<\/div>\n\t\t\t\t<div class=\"elementor-element elementor-element-7b1b7e3 elementor-button-success elementor-widget elementor-widget-button\" data-id=\"7b1b7e3\" data-element_type=\"widget\" data-widget_type=\"button.default\">\n\t\t\t\t<div class=\"elementor-widget-container\">\n\t\t\t\t\t<div class=\"elementor-button-wrapper\">\n\t\t\t<a href=\"http:\/\/www.sintespar.com.br\/estatutosintespar.pdf\" target=\"_blank\" rel=\"nofollow\" class=\"elementor-button-link elementor-button elementor-size-sm elementor-animation-pulse-shrink\" role=\"button\">\n\t\t\t\t\t\t<span class=\"elementor-button-content-wrapper\">\n\t\t\t\t\t\t<span class=\"elementor-button-text\">Clique aqui para baixar o estatuto do SINTESPAR<\/span>\n\t\t<\/span>\n\t\t\t\t\t<\/a>\n\t\t<\/div>\n\t\t\t\t<\/div>\n\t\t\t\t<\/div>\n\t\t\t\t\t<\/div>\n\t\t<\/div>\n\t\t\t\t\t\t\t<\/div>\n\t\t<\/section>\n\t\t\t\t\t\t\t<\/div>\n\t\t","protected":false},"excerpt":{"rendered":"<p>SINDICATO DOS T\u00c9CNICOS DE SEGURAN\u00c7A DO TRABALHO NO ESTADO DO PARAN\u00c1\u00a0 Reconhecido pelo Minist\u00e9rio do Trabalho em 30\/09\/88 T\u00e9cnico de Seguran\u00e7a do Trabalho &#8211; Profiss\u00e3o Regulamentada Lei 7.410 de 27\/11\/85 e Regulamentado pelo Decreto 92.530 O Sindicato dos T\u00e9cnicos de Seguran\u00e7a do Trabalho no Estado do Paran\u00e1 (SINTESPAR), com sede e foro na cidade de<\/p>\n","protected":false},"author":1,"featured_media":0,"parent":5435,"menu_order":0,"comment_status":"closed","ping_status":"closed","template":"page-templates\/authors.php","meta":{"_joinchat":[]},"_links":{"self":[{"href":"https:\/\/www.sintespar.com.br\/portal\/wp-json\/wp\/v2\/pages\/571"}],"collection":[{"href":"https:\/\/www.sintespar.com.br\/portal\/wp-json\/wp\/v2\/pages"}],"about":[{"href":"https:\/\/www.sintespar.com.br\/portal\/wp-json\/wp\/v2\/types\/page"}],"author":[{"embeddable":true,"href":"https:\/\/www.sintespar.com.br\/portal\/wp-json\/wp\/v2\/users\/1"}],"replies":[{"embeddable":true,"href":"https:\/\/www.sintespar.com.br\/portal\/wp-json\/wp\/v2\/comments?post=571"}],"version-history":[{"count":101,"href":"https:\/\/www.sintespar.com.br\/portal\/wp-json\/wp\/v2\/pages\/571\/revisions"}],"predecessor-version":[{"id":8006,"href":"https:\/\/www.sintespar.com.br\/portal\/wp-json\/wp\/v2\/pages\/571\/revisions\/8006"}],"up":[{"embeddable":true,"href":"https:\/\/www.sintespar.com.br\/portal\/wp-json\/wp\/v2\/pages\/5435"}],"wp:attachment":[{"href":"https:\/\/www.sintespar.com.br\/portal\/wp-json\/wp\/v2\/media?parent=571"}],"curies":[{"name":"wp","href":"https:\/\/api.w.org\/{rel}","templated":true}]}}