{"id":7881,"date":"2024-06-02T22:32:45","date_gmt":"2024-06-03T01:32:45","guid":{"rendered":"https:\/\/www.sintespar.com.br\/portal\/?page_id=7881"},"modified":"2024-06-02T23:18:04","modified_gmt":"2024-06-03T02:18:04","slug":"curitiba","status":"publish","type":"page","link":"https:\/\/www.sintespar.com.br\/portal\/curitiba\/","title":{"rendered":"Perfil da Cidade de Curitiba"},"content":{"rendered":"\t\t<div data-elementor-type=\"wp-page\" data-elementor-id=\"7881\" class=\"elementor elementor-7881\">\n\t\t\t\t\t\t\t\t\t<section class=\"has-el-gap el-gap-default elementor-section elementor-top-section elementor-element elementor-element-c078377 elementor-section-boxed elementor-section-height-default elementor-section-height-default\" data-id=\"c078377\" data-element_type=\"section\">\n\t\t\t\t\t\t<div class=\"elementor-container elementor-column-gap-no\">\n\t\t\t\t\t<div class=\"elementor-column elementor-col-100 elementor-top-column elementor-element elementor-element-c291563\" data-id=\"c291563\" data-element_type=\"column\">\n\t\t\t<div class=\"elementor-widget-wrap elementor-element-populated\">\n\t\t\t\t\t\t\t\t<div class=\"elementor-element elementor-element-d166c0a elementor-widget elementor-widget-image\" data-id=\"d166c0a\" data-element_type=\"widget\" data-widget_type=\"image.default\">\n\t\t\t\t<div class=\"elementor-widget-container\">\n\t\t\t<style>\/*! elementor - v3.8.1 - 13-11-2022 *\/\n.elementor-widget-image{text-align:center}.elementor-widget-image a{display:inline-block}.elementor-widget-image a img[src$=\".svg\"]{width:48px}.elementor-widget-image img{vertical-align:middle;display:inline-block}<\/style>\t\t\t\t\t\t\t\t\t\t\t\t<img decoding=\"async\" width=\"788\" height=\"296\" src=\"https:\/\/www.sintespar.com.br\/portal\/wp-content\/uploads\/2024\/06\/curitiba-185-c-1-1024x384.jpg\" class=\"elementor-animation-pulse-grow attachment-large size-large\" alt=\"\" loading=\"lazy\" srcset=\"https:\/\/www.sintespar.com.br\/portal\/wp-content\/uploads\/2024\/06\/curitiba-185-c-1-1024x384.jpg 1024w, https:\/\/www.sintespar.com.br\/portal\/wp-content\/uploads\/2024\/06\/curitiba-185-c-1-300x113.jpg 300w, https:\/\/www.sintespar.com.br\/portal\/wp-content\/uploads\/2024\/06\/curitiba-185-c-1-768x288.jpg 768w, https:\/\/www.sintespar.com.br\/portal\/wp-content\/uploads\/2024\/06\/curitiba-185-c-1-150x56.jpg 150w, https:\/\/www.sintespar.com.br\/portal\/wp-content\/uploads\/2024\/06\/curitiba-185-c-1-450x169.jpg 450w, https:\/\/www.sintespar.com.br\/portal\/wp-content\/uploads\/2024\/06\/curitiba-185-c-1-600x225.jpg 600w, https:\/\/www.sintespar.com.br\/portal\/wp-content\/uploads\/2024\/06\/curitiba-185-c-1.jpg 1200w\" sizes=\"(max-width: 788px) 100vw, 788px\" \/>\t\t\t\t\t\t\t\t\t\t\t\t\t\t\t<\/div>\n\t\t\t\t<\/div>\n\t\t\t\t<div class=\"elementor-element elementor-element-a6435e7 elementor-drop-cap-yes elementor-drop-cap-view-default elementor-widget elementor-widget-text-editor\" data-id=\"a6435e7\" data-element_type=\"widget\" data-settings=\"{&quot;drop_cap&quot;:&quot;yes&quot;}\" data-widget_type=\"text-editor.default\">\n\t\t\t\t<div class=\"elementor-widget-container\">\n\t\t\t<style>\/*! elementor - v3.8.1 - 13-11-2022 *\/\n.elementor-widget-text-editor.elementor-drop-cap-view-stacked .elementor-drop-cap{background-color:#818a91;color:#fff}.elementor-widget-text-editor.elementor-drop-cap-view-framed .elementor-drop-cap{color:#818a91;border:3px solid;background-color:transparent}.elementor-widget-text-editor:not(.elementor-drop-cap-view-default) .elementor-drop-cap{margin-top:8px}.elementor-widget-text-editor:not(.elementor-drop-cap-view-default) .elementor-drop-cap-letter{width:1em;height:1em}.elementor-widget-text-editor .elementor-drop-cap{float:left;text-align:center;line-height:1;font-size:50px}.elementor-widget-text-editor .elementor-drop-cap-letter{display:inline-block}<\/style>\t\t\t\t<p><strong>Curitiba<\/strong> \u00e9 a capital do Paran\u00e1, um dos tr\u00eas Estados que comp\u00f5em a Regi\u00e3o Sul do Brasil. Sua funda\u00e7\u00e3o oficial data de 29 de mar\u00e7o de 1693, quando foi criada a C\u00e2mara.<\/p><p>No s\u00e9culo XVII, sua principal atividade econ\u00f4mica era a minera\u00e7\u00e3o, aliada \u00e0 agricultura de subsist\u00eancia.O ciclo seguinte, que perdurou pelos s\u00e9culos XVIII e XIX, foi o da atividade tropeira, derivada da pecu\u00e1ria. Tropeiros eram condutores de gado que circulavam entre Viam\u00e3o, no Rio Grande do Sul, e a Feira de Sorocaba, em S\u00e3o Paulo, conduzindo gado cujo destino final eram as Minas Gerais. O longo caminho e as intemp\u00e9ries faziam com que os tropeiros fizessem invernadas, \u00e0 espera do fim dos invernos rigorosos, em fazendas como as localizadas nos &#8220;campos de Curitiba&#8221;. Aos tropeiros se devem costumes como o fogo de ch\u00e3o para assar a carne e contar &#8220;causos&#8221;, a fala escandida &#8211; o sotaque leitE quentE -, o chimarr\u00e3o (erva-mate com \u00e1gua quente, na cuia, porque os \u00edndios a utilizavam na forma de terer\u00ea, com \u00e1gua fria), o uso de ponchos de l\u00e3, a abertura de caminhos e a forma\u00e7\u00e3o de povoados.<\/p><p>No final do s\u00e9culo XIX, com o ciclo da erva-mate e da madeira em expans\u00e3o, dois acontecimentos foram bem marcantes: a chegada em massa de imigrantes europeus e a constru\u00e7\u00e3o da Estrada de Ferro Paranagu\u00e1-Curitiba, ligando o Litoral ao Primeiro Planalto paranaense.<\/p><p>Os imigrantes &#8211; europeus e de outros continentes -, ao longo do s\u00e9culo XX, deram nova conota\u00e7\u00e3o ao cotidiano de Curitiba. Seus modos de ser e de fazer se incorporaram de tal maneira \u00e0 cidade que hoje s\u00e3o bem curitibanas festas c\u00edvicas e religiosas de diversas etnias, dan\u00e7a, m\u00fasica, culin\u00e1ria, express\u00f5es e a mem\u00f3ria dos antepassados. Esta \u00e9 representada nos diversos memoriais da imigra\u00e7\u00e3o, em espa\u00e7os p\u00fablicos como parques e bosques municipais.<\/p><p>A &#8220;m\u00edtica imigrante do trabalho&#8221; (observa\u00e7\u00e3o do poeta Paulo Leminski, falecido no s\u00e9culo passado) aliada a gest\u00f5es municipais sem quebra de continuidade, acabou criando uma Curitiba planejada &#8211; e premiada internacionalmente, em gest\u00e3o urbana, meio ambiente e transporte coletivo.<\/p><p>A capital do Estado do Paran\u00e1, formada num altiplano 934 metros acima do n\u00edvel do mar, carente de marcos de paisagem oferecidos pela natureza, acabou criando suas principais refer\u00eancias pela ci\u00eancia e pela m\u00e3o humana.<\/p><p>No s\u00e9culo XX, no cen\u00e1rio da cidade planejada, a ind\u00fastria se agregou com for\u00e7a ao perfil econ\u00f4mico antes embasado nas atividades comerciais e do setor de servi\u00e7os. A cidade enfrentou, especialmente nos anos 1970, a urbaniza\u00e7\u00e3o acelerada, em grande parte provocada pelas migra\u00e7\u00f5es do campo, oriundas da substitui\u00e7\u00e3o da m\u00e3o-de-obra agr\u00edcola pelas m\u00e1quinas.<\/p><p>Curitiba enfrenta agora o desafio de grande metr\u00f3pole, onde a quest\u00e3o urbana \u00e9 repensada sob o enfoque humanista de que a cidade \u00e9 primordialmente de quem nela vive. Seu povo, um admir\u00e1vel cadinho que reuniu estrangeiros de todas as partes do mundo e brasileiros de todos os recantos, ensina no dia-a-dia a arte do encontro e da conviv\u00eancia. Curitiba renasce a cada dia com a esperan\u00e7a e o trabalho nas veias, como nas alvoradas de seus pioneiros.<\/p><p><strong>DADOS DA CIDADE DE CURITIBA<\/strong><\/p><table class=\"table table-responsive\"><tbody><tr><td>Altitude:<\/td><td>945 m<\/td><\/tr><tr><td>\u00c1rea:<\/td><td>434,892 km\u00b2 (IBGE-2019)<\/td><\/tr><tr><td>\u00c1rea verde por habitante:<\/td><td>58 m\u00b2 (IBGE &#8211; 2010)<\/td><\/tr><tr><td>Bairros:<\/td><td>75<\/td><\/tr><tr><td>Regionais:<\/td><td>10<\/td><\/tr><tr><td>Clima:<\/td><td>Subtropical<\/td><\/tr><tr><td>Extens\u00e3o Norte-Sul:<\/td><td>35 Km<\/td><\/tr><tr><td>Extens\u00e3o Leste-Oeste:<\/td><td>20 Km<\/td><\/tr><tr><td>Fuso Hor\u00e1rio:<\/td><td>Bras\u00edlia (UTC-3)<\/td><\/tr><tr><td>Gent\u00edlico:<\/td><td>curitibano<\/td><\/tr><tr><td>Latitude:<\/td><td>25\u00ba25&#8217;48&#8221; Sul<\/td><\/tr><tr><td>Longitude:<\/td><td>49\u00ba16&#8217;15&#8221; Oeste<\/td><\/tr><tr><td>Pluviosidade:<\/td><td>1500 mm\/ano<\/td><\/tr><tr><td>Relevo:<\/td><td>Levemente ondulado<\/td><\/tr><tr><td>Temperatura m\u00e9dia no ver\u00e3o:<\/td><td>21 \u00baC<\/td><\/tr><tr><td>Temperatura m\u00e9dia no inverno:<\/td><td>13 \u00baC<\/td><\/tr><tr><td>Popula\u00e7\u00e3o:<\/td><td>1.773.718 habitantes (IBGE &#8211; Estimativa 2022)<\/td><\/tr><tr><td>PIB (R$1.000):<\/td><td>87.151.950 (IBGE &#8211; 2018)<\/td><\/tr><tr><td>IDHM:<\/td><td>0,823 (PNUD, Ipea e FJP &#8211; 2010)<\/td><\/tr><\/tbody><\/table><p><strong>DIST\u00c2NCIAS DE CURITIBA<\/strong><\/p><table class=\"table table-responsive\"><tbody><tr><td>Aracaju<\/td><td>2595 Km<\/td><\/tr><tr><td>Bel\u00e9m<\/td><td>3193 Km<\/td><\/tr><tr><td>Belo Horizonte<\/td><td>1004 Km<\/td><\/tr><tr><td>Boa Vista<\/td><td>4821 Km<\/td><\/tr><tr><td>Bras\u00edlia<\/td><td>1399\u00a0Km<\/td><\/tr><tr><td>Campo Grande<\/td><td>1006 Km<\/td><\/tr><tr><td>Cuiab\u00e1<\/td><td>1718 Km<\/td><\/tr><tr><td>Florian\u00f3polis<\/td><td>310\u00a0Km<\/td><\/tr><tr><td>Fortaleza<\/td><td>3541 Km<\/td><\/tr><tr><td>Goi\u00e2nia<\/td><td>1210 Km<\/td><\/tr><tr><td>Jo\u00e3o Pessoa<\/td><td>3205\u00a0Km<\/td><\/tr><tr><td>Macei\u00f3<\/td><td>2871 Km<\/td><\/tr><tr><td>Macap\u00e1<\/td><td>4013 Km<\/td><\/tr><tr><td>Manaus<\/td><td>4036 Km<\/td><\/tr><tr><td>Natal<\/td><td>3365 Km<\/td><\/tr><tr><td>Palmas<\/td><td>2076 Km<\/td><\/tr><tr><td>Porto Alegre<\/td><td>716 Km<\/td><\/tr><tr><td>Porto Velho<\/td><td>3135\u00a0Km<\/td><\/tr><tr><td>Recife<\/td><td>3078 Km<\/td><\/tr><tr><td>Rio Branco<\/td><td>3669\u00a0Km<\/td><\/tr><tr><td>Rio de Janeiro<\/td><td>852\u00a0Km<\/td><\/tr><tr><td>Salvador<\/td><td>2385 Km<\/td><\/tr><tr><td>S\u00e3o Lu\u00eds<\/td><td>3301 Km<\/td><\/tr><tr><td>S\u00e3o Paulo<\/td><td>408 Km<\/td><\/tr><tr><td>Teresina<\/td><td>3143 Km<\/td><\/tr><tr><td>Vit\u00f3ria<\/td><td>1359 Km<\/td><\/tr><\/tbody><\/table>\t\t\t\t\t\t<\/div>\n\t\t\t\t<\/div>\n\t\t\t\t\t<\/div>\n\t\t<\/div>\n\t\t\t\t\t\t\t<\/div>\n\t\t<\/section>\n\t\t\t\t\t\t\t<\/div>\n\t\t","protected":false},"excerpt":{"rendered":"<p>Curitiba \u00e9 a capital do Paran\u00e1, um dos tr\u00eas Estados que comp\u00f5em a Regi\u00e3o Sul do Brasil. Sua funda\u00e7\u00e3o oficial data de 29 de mar\u00e7o de 1693, quando foi criada a C\u00e2mara. No s\u00e9culo XVII, sua principal atividade econ\u00f4mica era a minera\u00e7\u00e3o, aliada \u00e0 agricultura de subsist\u00eancia.O ciclo seguinte, que perdurou pelos s\u00e9culos XVIII e<\/p>\n","protected":false},"author":1,"featured_media":7882,"parent":0,"menu_order":0,"comment_status":"closed","ping_status":"closed","template":"page-templates\/authors.php","meta":{"_joinchat":[]},"_links":{"self":[{"href":"https:\/\/www.sintespar.com.br\/portal\/wp-json\/wp\/v2\/pages\/7881"}],"collection":[{"href":"https:\/\/www.sintespar.com.br\/portal\/wp-json\/wp\/v2\/pages"}],"about":[{"href":"https:\/\/www.sintespar.com.br\/portal\/wp-json\/wp\/v2\/types\/page"}],"author":[{"embeddable":true,"href":"https:\/\/www.sintespar.com.br\/portal\/wp-json\/wp\/v2\/users\/1"}],"replies":[{"embeddable":true,"href":"https:\/\/www.sintespar.com.br\/portal\/wp-json\/wp\/v2\/comments?post=7881"}],"version-history":[{"count":31,"href":"https:\/\/www.sintespar.com.br\/portal\/wp-json\/wp\/v2\/pages\/7881\/revisions"}],"predecessor-version":[{"id":7923,"href":"https:\/\/www.sintespar.com.br\/portal\/wp-json\/wp\/v2\/pages\/7881\/revisions\/7923"}],"wp:featuredmedia":[{"embeddable":true,"href":"https:\/\/www.sintespar.com.br\/portal\/wp-json\/wp\/v2\/media\/7882"}],"wp:attachment":[{"href":"https:\/\/www.sintespar.com.br\/portal\/wp-json\/wp\/v2\/media?parent=7881"}],"curies":[{"name":"wp","href":"https:\/\/api.w.org\/{rel}","templated":true}]}}